{"id":103,"date":"2025-05-18T12:13:04","date_gmt":"2025-05-18T10:13:04","guid":{"rendered":"https:\/\/www.netzwerk-alma.de\/?page_id=103"},"modified":"2026-04-24T09:29:48","modified_gmt":"2026-04-24T07:29:48","slug":"aktuelles","status":"publish","type":"page","link":"https:\/\/www.netzwerk-alma.de\/index.php\/aktuelles\/","title":{"rendered":"Aktuelles"},"content":{"rendered":"\n<div style=\"height:50px\" aria-hidden=\"true\" class=\"wp-block-spacer\"><\/div>\n\n\n\n<h2 class=\"wp-block-heading\">Aktuelles<\/h2>\n\n\n\n<div style=\"height:20px\" aria-hidden=\"true\" class=\"wp-block-spacer\"><\/div>\n\n\n\n<div class=\"wp-block-query alignwide is-layout-flow wp-block-query-is-layout-flow\">\n<div class=\"wp-block-group is-layout-flow wp-block-group-is-layout-flow\" style=\"margin-top:0;margin-bottom:0;padding-top:0;padding-right:0;padding-bottom:0;padding-left:0\"><ul class=\"columns-3 alignfull wp-block-post-template is-layout-grid wp-container-core-post-template-is-layout-4764eb0f wp-block-post-template-is-layout-grid\"><li class=\"wp-block-post post-765 post type-post status-publish format-standard has-post-thumbnail hentry category-aktuelles tag-alma tag-inklusion tag-inklusiv tag-sozial\">\n<figure style=\"aspect-ratio:3\/4; padding-bottom:var(--wp--preset--spacing--20);margin-bottom:0;\" class=\"wp-block-post-featured-image\"><a href=\"https:\/\/www.netzwerk-alma.de\/index.php\/2026\/05\/04\/chancen-saeen-berufswege-finden\/\" target=\"_self\"  ><img loading=\"lazy\" decoding=\"async\" width=\"1080\" height=\"1350\" src=\"https:\/\/www.netzwerk-alma.de\/wp-content\/uploads\/2026\/05\/Chancen-Saeen1.png\" class=\"attachment-post-thumbnail size-post-thumbnail wp-post-image\" alt=\"Chancen s\u00e4en &#8211; Berufswege finden\" style=\"width:100%;height:100%;object-fit:cover;\" srcset=\"https:\/\/www.netzwerk-alma.de\/wp-content\/uploads\/2026\/05\/Chancen-Saeen1.png 1080w, https:\/\/www.netzwerk-alma.de\/wp-content\/uploads\/2026\/05\/Chancen-Saeen1-240x300.png 240w, https:\/\/www.netzwerk-alma.de\/wp-content\/uploads\/2026\/05\/Chancen-Saeen1-819x1024.png 819w, https:\/\/www.netzwerk-alma.de\/wp-content\/uploads\/2026\/05\/Chancen-Saeen1-768x960.png 768w\" sizes=\"auto, (max-width: 1080px) 100vw, 1080px\" \/><\/a><\/figure>\n\n\n<div class=\"wp-block-group is-vertical is-nowrap is-layout-flex wp-container-core-group-is-layout-97ba36a5 wp-block-group-is-layout-flex\" style=\"margin-top:var(--wp--preset--spacing--20);padding-top:0\"><h2 class=\"wp-block-post-title has-large-font-size wp-container-content-32e3a40d\"><a href=\"https:\/\/www.netzwerk-alma.de\/index.php\/2026\/05\/04\/chancen-saeen-berufswege-finden\/\" target=\"_self\" >Chancen s\u00e4en &#8211; Berufswege finden<\/a><\/h2>\n\n<div class=\"wp-block-template-part\">\n<div class=\"wp-block-group has-global-padding is-content-justification-left is-layout-constrained wp-container-core-group-is-layout-12dd3699 wp-block-group-is-layout-constrained\">\n<div class=\"wp-block-group is-content-justification-left is-layout-flex wp-container-core-group-is-layout-dfe8e91f wp-block-group-is-layout-flex\"><div class=\"wp-block-post-date\"><time datetime=\"2026-05-04T16:15:49+02:00\"><a href=\"https:\/\/www.netzwerk-alma.de\/index.php\/2026\/05\/04\/chancen-saeen-berufswege-finden\/\">Mai 4, 2026<\/a><\/time><\/div>\n\n\n<p class=\"has-contrast-2-color has-text-color\">\u2014<\/p>\n\n\n<div class=\"taxonomy-category wp-block-post-terms\"><span class=\"wp-block-post-terms__prefix\">in <\/span><a href=\"https:\/\/www.netzwerk-alma.de\/index.php\/category\/aktuelles\/\" rel=\"tag\">Aktuelles<\/a><\/div><\/div>\n<\/div>\n<\/div>\n\n<div class=\"wp-block-post-excerpt has-text-color has-contrast-2-color has-small-font-size wp-container-content-32e3a40d\"><p class=\"wp-block-post-excerpt__excerpt\">Ehemalige Sch\u00fcler pr\u00e4sentieren in der Harly Schule ihre Erfahrungen und Chancen zur beruflichen Entwicklung Gestern waren Christoph K. und Tim M. als ehemalige Sch\u00fcler mit Kollegin Anja D. von alma bei der Berufsmesse an der Schule am Harly und haben den Sch\u00fclerinnen und Sch\u00fclern ihre Erfahrungen vorgestellt. Neben Infos \u00fcber Chancen und M\u00f6glichkeiten wurden dort&hellip; <\/p><\/div>\n\n\n<div style=\"height:0px\" aria-hidden=\"true\" class=\"wp-block-spacer wp-container-content-32e3a40d\"><\/div>\n<\/div>\n\n<\/li><li class=\"wp-block-post post-758 post type-post status-publish format-standard has-post-thumbnail hentry category-aktuelles tag-inklusion tag-inklusiv tag-kuerzung tag-petition tag-teilhabe\">\n<figure style=\"aspect-ratio:3\/4; padding-bottom:var(--wp--preset--spacing--20);margin-bottom:0;\" class=\"wp-block-post-featured-image\"><a href=\"https:\/\/www.netzwerk-alma.de\/index.php\/2026\/04\/24\/geplante-spar-massnahmen-das-sind-die-folgen\/\" target=\"_self\"  ><img loading=\"lazy\" decoding=\"async\" width=\"1080\" height=\"1350\" src=\"https:\/\/www.netzwerk-alma.de\/wp-content\/uploads\/2026\/04\/1.png\" class=\"attachment-post-thumbnail size-post-thumbnail wp-post-image\" alt=\"Geplante Spar-Ma\u00dfnahmen: Das sind die Folgen\" style=\"width:100%;height:100%;object-fit:cover;\" srcset=\"https:\/\/www.netzwerk-alma.de\/wp-content\/uploads\/2026\/04\/1.png 1080w, https:\/\/www.netzwerk-alma.de\/wp-content\/uploads\/2026\/04\/1-240x300.png 240w, https:\/\/www.netzwerk-alma.de\/wp-content\/uploads\/2026\/04\/1-819x1024.png 819w, https:\/\/www.netzwerk-alma.de\/wp-content\/uploads\/2026\/04\/1-768x960.png 768w\" sizes=\"auto, (max-width: 1080px) 100vw, 1080px\" \/><\/a><\/figure>\n\n\n<div class=\"wp-block-group is-vertical is-nowrap is-layout-flex wp-container-core-group-is-layout-97ba36a5 wp-block-group-is-layout-flex\" style=\"margin-top:var(--wp--preset--spacing--20);padding-top:0\"><h2 class=\"wp-block-post-title has-large-font-size wp-container-content-32e3a40d\"><a href=\"https:\/\/www.netzwerk-alma.de\/index.php\/2026\/04\/24\/geplante-spar-massnahmen-das-sind-die-folgen\/\" target=\"_self\" >Geplante Spar-Ma\u00dfnahmen: Das sind die Folgen<\/a><\/h2>\n\n<div class=\"wp-block-template-part\">\n<div class=\"wp-block-group has-global-padding is-content-justification-left is-layout-constrained wp-container-core-group-is-layout-12dd3699 wp-block-group-is-layout-constrained\">\n<div class=\"wp-block-group is-content-justification-left is-layout-flex wp-container-core-group-is-layout-dfe8e91f wp-block-group-is-layout-flex\"><div class=\"wp-block-post-date\"><time datetime=\"2026-04-24T09:27:52+02:00\"><a href=\"https:\/\/www.netzwerk-alma.de\/index.php\/2026\/04\/24\/geplante-spar-massnahmen-das-sind-die-folgen\/\">Apr. 24, 2026<\/a><\/time><\/div>\n\n\n<p class=\"has-contrast-2-color has-text-color\">\u2014<\/p>\n\n\n<div class=\"taxonomy-category wp-block-post-terms\"><span class=\"wp-block-post-terms__prefix\">in <\/span><a href=\"https:\/\/www.netzwerk-alma.de\/index.php\/category\/aktuelles\/\" rel=\"tag\">Aktuelles<\/a><\/div><\/div>\n<\/div>\n<\/div>\n\n<div class=\"wp-block-post-excerpt has-text-color has-contrast-2-color has-small-font-size wp-container-content-32e3a40d\"><p class=\"wp-block-post-excerpt__excerpt\">Es gibt neue Pl\u00e4ne von der Politik. In diesen Pl\u00e4nen steht, dass bei der Hilfe f\u00fcr Menschen mit Behinderung und bei der Jugend-Hilfe viel Geld gespart werden soll. Diese Pl\u00e4ne wurden heimlich gemacht. Was bedeuten die K\u00fcrzungen genau? Viele Menschen und Organisationen sind erschrocken. Wenn diese Pl\u00e4ne wahr werden, hat das schlimme Folgen: Rechte werden&hellip; <\/p><\/div>\n\n\n<div style=\"height:0px\" aria-hidden=\"true\" class=\"wp-block-spacer wp-container-content-32e3a40d\"><\/div>\n<\/div>\n\n<\/li><li class=\"wp-block-post post-737 post type-post status-publish format-standard has-post-thumbnail hentry category-aktuelles tag-afc tag-lebensmittel tag-lebensmittelkette tag-studie\">\n<figure style=\"aspect-ratio:3\/4; padding-bottom:var(--wp--preset--spacing--20);margin-bottom:0;\" class=\"wp-block-post-featured-image\"><a href=\"https:\/\/www.netzwerk-alma.de\/index.php\/2026\/04\/20\/wirksamkeit-von-uns-ngos-auf-die-lebensmittelkette-afc-studie\/\" target=\"_self\"  ><img loading=\"lazy\" decoding=\"async\" width=\"1080\" height=\"1350\" src=\"https:\/\/www.netzwerk-alma.de\/wp-content\/uploads\/2026\/04\/11.png\" class=\"attachment-post-thumbnail size-post-thumbnail wp-post-image\" alt=\"Wirksamkeit von uns NGOs auf die Lebensmittelkette &#8211; AFC Studie\" style=\"width:100%;height:100%;object-fit:cover;\" srcset=\"https:\/\/www.netzwerk-alma.de\/wp-content\/uploads\/2026\/04\/11.png 1080w, https:\/\/www.netzwerk-alma.de\/wp-content\/uploads\/2026\/04\/11-240x300.png 240w, https:\/\/www.netzwerk-alma.de\/wp-content\/uploads\/2026\/04\/11-819x1024.png 819w, https:\/\/www.netzwerk-alma.de\/wp-content\/uploads\/2026\/04\/11-768x960.png 768w\" sizes=\"auto, (max-width: 1080px) 100vw, 1080px\" \/><\/a><\/figure>\n\n\n<div class=\"wp-block-group is-vertical is-nowrap is-layout-flex wp-container-core-group-is-layout-97ba36a5 wp-block-group-is-layout-flex\" style=\"margin-top:var(--wp--preset--spacing--20);padding-top:0\"><h2 class=\"wp-block-post-title has-large-font-size wp-container-content-32e3a40d\"><a href=\"https:\/\/www.netzwerk-alma.de\/index.php\/2026\/04\/20\/wirksamkeit-von-uns-ngos-auf-die-lebensmittelkette-afc-studie\/\" target=\"_self\" >Wirksamkeit von uns NGOs auf die Lebensmittelkette &#8211; AFC Studie<\/a><\/h2>\n\n<div class=\"wp-block-template-part\">\n<div class=\"wp-block-group has-global-padding is-content-justification-left is-layout-constrained wp-container-core-group-is-layout-12dd3699 wp-block-group-is-layout-constrained\">\n<div class=\"wp-block-group is-content-justification-left is-layout-flex wp-container-core-group-is-layout-dfe8e91f wp-block-group-is-layout-flex\"><div class=\"wp-block-post-date\"><time datetime=\"2026-04-20T15:29:07+02:00\"><a href=\"https:\/\/www.netzwerk-alma.de\/index.php\/2026\/04\/20\/wirksamkeit-von-uns-ngos-auf-die-lebensmittelkette-afc-studie\/\">Apr. 20, 2026<\/a><\/time><\/div>\n\n\n<p class=\"has-contrast-2-color has-text-color\">\u2014<\/p>\n\n\n<div class=\"taxonomy-category wp-block-post-terms\"><span class=\"wp-block-post-terms__prefix\">in <\/span><a href=\"https:\/\/www.netzwerk-alma.de\/index.php\/category\/aktuelles\/\" rel=\"tag\">Aktuelles<\/a><\/div><\/div>\n<\/div>\n<\/div>\n\n<div class=\"wp-block-post-excerpt has-text-color has-contrast-2-color has-small-font-size wp-container-content-32e3a40d\"><p class=\"wp-block-post-excerpt__excerpt\">Wer die Wirksamkeit von uns NGOs auf die Lebensmittelkette einmal im Spiegel einer Consultant Gruppe f\u00fcr die Food-Kette gespiegelt betrachten m\u00f6chte, kann dieser Studie von AFC vom 5.3.26 viel entnehmen. Ein Zitat aus der Studie: \u201eGesellschaftliche Erwartungen, NGO-Kampagnen und Reputationsrisiken gelten weiterhin als treibende Kr\u00e4fte. Transparenz, Nachhaltigkeit und verantwortungsvolle Lieferketten stellen somit zunehmend auch ohne&hellip; <\/p><\/div>\n\n\n<div style=\"height:0px\" aria-hidden=\"true\" class=\"wp-block-spacer wp-container-content-32e3a40d\"><\/div>\n<\/div>\n\n<\/li><li class=\"wp-block-post post-731 post type-post status-publish format-standard has-post-thumbnail hentry category-aktuelles\">\n<figure style=\"aspect-ratio:3\/4; padding-bottom:var(--wp--preset--spacing--20);margin-bottom:0;\" class=\"wp-block-post-featured-image\"><a href=\"https:\/\/www.netzwerk-alma.de\/index.php\/2026\/04\/14\/artikel-vom-landvolk-ueber-unsere-arbeit\/\" target=\"_self\"  ><img loading=\"lazy\" decoding=\"async\" width=\"1080\" height=\"1350\" src=\"https:\/\/www.netzwerk-alma.de\/wp-content\/uploads\/2026\/04\/Inklusion-ist-keine-abstrakte-Aufgabe-sondern-eine-die-wir-gemeinsam-gestalten.png\" class=\"attachment-post-thumbnail size-post-thumbnail wp-post-image\" alt=\"Artikel vom Landvolk \u00fcber unsere Arbeit\" style=\"width:100%;height:100%;object-fit:cover;\" srcset=\"https:\/\/www.netzwerk-alma.de\/wp-content\/uploads\/2026\/04\/Inklusion-ist-keine-abstrakte-Aufgabe-sondern-eine-die-wir-gemeinsam-gestalten.png 1080w, https:\/\/www.netzwerk-alma.de\/wp-content\/uploads\/2026\/04\/Inklusion-ist-keine-abstrakte-Aufgabe-sondern-eine-die-wir-gemeinsam-gestalten-240x300.png 240w, https:\/\/www.netzwerk-alma.de\/wp-content\/uploads\/2026\/04\/Inklusion-ist-keine-abstrakte-Aufgabe-sondern-eine-die-wir-gemeinsam-gestalten-819x1024.png 819w, https:\/\/www.netzwerk-alma.de\/wp-content\/uploads\/2026\/04\/Inklusion-ist-keine-abstrakte-Aufgabe-sondern-eine-die-wir-gemeinsam-gestalten-768x960.png 768w\" sizes=\"auto, (max-width: 1080px) 100vw, 1080px\" \/><\/a><\/figure>\n\n\n<div class=\"wp-block-group is-vertical is-nowrap is-layout-flex wp-container-core-group-is-layout-97ba36a5 wp-block-group-is-layout-flex\" style=\"margin-top:var(--wp--preset--spacing--20);padding-top:0\"><h2 class=\"wp-block-post-title has-large-font-size wp-container-content-32e3a40d\"><a href=\"https:\/\/www.netzwerk-alma.de\/index.php\/2026\/04\/14\/artikel-vom-landvolk-ueber-unsere-arbeit\/\" target=\"_self\" >Artikel vom Landvolk \u00fcber unsere Arbeit<\/a><\/h2>\n\n<div class=\"wp-block-template-part\">\n<div class=\"wp-block-group has-global-padding is-content-justification-left is-layout-constrained wp-container-core-group-is-layout-12dd3699 wp-block-group-is-layout-constrained\">\n<div class=\"wp-block-group is-content-justification-left is-layout-flex wp-container-core-group-is-layout-dfe8e91f wp-block-group-is-layout-flex\"><div class=\"wp-block-post-date\"><time datetime=\"2026-04-14T20:38:15+02:00\"><a href=\"https:\/\/www.netzwerk-alma.de\/index.php\/2026\/04\/14\/artikel-vom-landvolk-ueber-unsere-arbeit\/\">Apr. 14, 2026<\/a><\/time><\/div>\n\n\n<p class=\"has-contrast-2-color has-text-color\">\u2014<\/p>\n\n\n<div class=\"taxonomy-category wp-block-post-terms\"><span class=\"wp-block-post-terms__prefix\">in <\/span><a href=\"https:\/\/www.netzwerk-alma.de\/index.php\/category\/aktuelles\/\" rel=\"tag\">Aktuelles<\/a><\/div><\/div>\n<\/div>\n<\/div>\n\n<div class=\"wp-block-post-excerpt has-text-color has-contrast-2-color has-small-font-size wp-container-content-32e3a40d\"><p class=\"wp-block-post-excerpt__excerpt\">Wir freuen uns, dass das Landvolk unser Anliegen unterst\u00fctzt! <\/p><\/div>\n\n\n<div style=\"height:0px\" aria-hidden=\"true\" class=\"wp-block-spacer wp-container-content-32e3a40d\"><\/div>\n<\/div>\n\n<\/li><li class=\"wp-block-post post-695 post type-post status-publish format-standard has-post-thumbnail hentry category-aktuelles\">\n<figure style=\"aspect-ratio:3\/4; padding-bottom:var(--wp--preset--spacing--20);margin-bottom:0;\" class=\"wp-block-post-featured-image\"><a href=\"https:\/\/www.netzwerk-alma.de\/index.php\/2026\/04\/13\/toller-austausch-ueber-soziale-landwirtschaft\/\" target=\"_self\"  ><img loading=\"lazy\" decoding=\"async\" width=\"1080\" height=\"1350\" src=\"https:\/\/www.netzwerk-alma.de\/wp-content\/uploads\/2026\/04\/Toller-Austausch-ueber-soziale-Landwirtschaft.png\" class=\"attachment-post-thumbnail size-post-thumbnail wp-post-image\" alt=\"Toller Austausch u\u0308ber soziale Landwirtschaft\" style=\"width:100%;height:100%;object-fit:cover;\" srcset=\"https:\/\/www.netzwerk-alma.de\/wp-content\/uploads\/2026\/04\/Toller-Austausch-ueber-soziale-Landwirtschaft.png 1080w, https:\/\/www.netzwerk-alma.de\/wp-content\/uploads\/2026\/04\/Toller-Austausch-ueber-soziale-Landwirtschaft-240x300.png 240w, https:\/\/www.netzwerk-alma.de\/wp-content\/uploads\/2026\/04\/Toller-Austausch-ueber-soziale-Landwirtschaft-819x1024.png 819w, https:\/\/www.netzwerk-alma.de\/wp-content\/uploads\/2026\/04\/Toller-Austausch-ueber-soziale-Landwirtschaft-768x960.png 768w\" sizes=\"auto, (max-width: 1080px) 100vw, 1080px\" \/><\/a><\/figure>\n\n\n<div class=\"wp-block-group is-vertical is-nowrap is-layout-flex wp-container-core-group-is-layout-97ba36a5 wp-block-group-is-layout-flex\" style=\"margin-top:var(--wp--preset--spacing--20);padding-top:0\"><h2 class=\"wp-block-post-title has-large-font-size wp-container-content-32e3a40d\"><a href=\"https:\/\/www.netzwerk-alma.de\/index.php\/2026\/04\/13\/toller-austausch-ueber-soziale-landwirtschaft\/\" target=\"_self\" >Toller Austausch u\u0308ber soziale Landwirtschaft<\/a><\/h2>\n\n<div class=\"wp-block-template-part\">\n<div class=\"wp-block-group has-global-padding is-content-justification-left is-layout-constrained wp-container-core-group-is-layout-12dd3699 wp-block-group-is-layout-constrained\">\n<div class=\"wp-block-group is-content-justification-left is-layout-flex wp-container-core-group-is-layout-dfe8e91f wp-block-group-is-layout-flex\"><div class=\"wp-block-post-date\"><time datetime=\"2026-04-13T09:24:59+02:00\"><a href=\"https:\/\/www.netzwerk-alma.de\/index.php\/2026\/04\/13\/toller-austausch-ueber-soziale-landwirtschaft\/\">Apr. 13, 2026<\/a><\/time><\/div>\n\n\n<p class=\"has-contrast-2-color has-text-color\">\u2014<\/p>\n\n\n<div class=\"taxonomy-category wp-block-post-terms\"><span class=\"wp-block-post-terms__prefix\">in <\/span><a href=\"https:\/\/www.netzwerk-alma.de\/index.php\/category\/aktuelles\/\" rel=\"tag\">Aktuelles<\/a><\/div><\/div>\n<\/div>\n<\/div>\n\n<div class=\"wp-block-post-excerpt has-text-color has-contrast-2-color has-small-font-size wp-container-content-32e3a40d\"><p class=\"wp-block-post-excerpt__excerpt\">Zusammenkommen und Beratung wie sie Freude macht: Gestern kamen wir mit Axel und Britta von @leidenschaftfuerlandwirtschaft, Gerd und Petra vom BVN auf dem Hof in Holste zusammen. Zwischen H\u00fchnern, L\u00e4mmern und Kaffe gab es enen tollen Austausch \u00fcber Ideen zu sozialer Landwirtschaft, M\u00f6glichkeiten zum Netzwerken, Herausforderungen und Perspektiven. Wir freuen uns auf die n\u00e4chsten gemeinsamen&hellip; <\/p><\/div>\n\n\n<div style=\"height:0px\" aria-hidden=\"true\" class=\"wp-block-spacer wp-container-content-32e3a40d\"><\/div>\n<\/div>\n\n<\/li><li class=\"wp-block-post post-630 post type-post status-publish format-standard has-post-thumbnail hentry category-ackerredaktion category-aktuelles\">\n<figure style=\"aspect-ratio:3\/4; padding-bottom:var(--wp--preset--spacing--20);margin-bottom:0;\" class=\"wp-block-post-featured-image\"><a href=\"https:\/\/www.netzwerk-alma.de\/index.php\/2026\/04\/09\/ackerredaktion-falk-stellt-sich-vor\/\" target=\"_self\"  ><img loading=\"lazy\" decoding=\"async\" width=\"1179\" height=\"1465\" src=\"https:\/\/www.netzwerk-alma.de\/wp-content\/uploads\/2026\/04\/IMG_9698.jpg\" class=\"attachment-post-thumbnail size-post-thumbnail wp-post-image\" alt=\"Ackerredaktion: Falk stellt sich vor\" style=\"width:100%;height:100%;object-fit:cover;\" srcset=\"https:\/\/www.netzwerk-alma.de\/wp-content\/uploads\/2026\/04\/IMG_9698.jpg 1179w, https:\/\/www.netzwerk-alma.de\/wp-content\/uploads\/2026\/04\/IMG_9698-241x300.jpg 241w, https:\/\/www.netzwerk-alma.de\/wp-content\/uploads\/2026\/04\/IMG_9698-824x1024.jpg 824w, https:\/\/www.netzwerk-alma.de\/wp-content\/uploads\/2026\/04\/IMG_9698-768x954.jpg 768w\" sizes=\"auto, (max-width: 1179px) 100vw, 1179px\" \/><\/a><\/figure>\n\n\n<div class=\"wp-block-group is-vertical is-nowrap is-layout-flex wp-container-core-group-is-layout-97ba36a5 wp-block-group-is-layout-flex\" style=\"margin-top:var(--wp--preset--spacing--20);padding-top:0\"><h2 class=\"wp-block-post-title has-large-font-size wp-container-content-32e3a40d\"><a href=\"https:\/\/www.netzwerk-alma.de\/index.php\/2026\/04\/09\/ackerredaktion-falk-stellt-sich-vor\/\" target=\"_self\" >Ackerredaktion: Falk stellt sich vor<\/a><\/h2>\n\n<div class=\"wp-block-template-part\">\n<div class=\"wp-block-group has-global-padding is-content-justification-left is-layout-constrained wp-container-core-group-is-layout-12dd3699 wp-block-group-is-layout-constrained\">\n<div class=\"wp-block-group is-content-justification-left is-layout-flex wp-container-core-group-is-layout-dfe8e91f wp-block-group-is-layout-flex\"><div class=\"wp-block-post-date\"><time datetime=\"2026-04-09T18:18:19+02:00\"><a href=\"https:\/\/www.netzwerk-alma.de\/index.php\/2026\/04\/09\/ackerredaktion-falk-stellt-sich-vor\/\">Apr. 9, 2026<\/a><\/time><\/div>\n\n\n<p class=\"has-contrast-2-color has-text-color\">\u2014<\/p>\n\n\n<div class=\"taxonomy-category wp-block-post-terms\"><span class=\"wp-block-post-terms__prefix\">in <\/span><a href=\"https:\/\/www.netzwerk-alma.de\/index.php\/category\/ackerredaktion\/\" rel=\"tag\">Ackerredaktion<\/a><span class=\"wp-block-post-terms__separator\">, <\/span><a href=\"https:\/\/www.netzwerk-alma.de\/index.php\/category\/aktuelles\/\" rel=\"tag\">Aktuelles<\/a><\/div><\/div>\n<\/div>\n<\/div>\n\n<div class=\"wp-block-post-excerpt has-text-color has-contrast-2-color has-small-font-size wp-container-content-32e3a40d\"><p class=\"wp-block-post-excerpt__excerpt\">Frisch vom Acker direkt in deinen Feed:Unsere Ackerredaktion &#8211; mit Falk, unserem Ackerreporter vor Ort. Zwischen Erde, Ernte und echter Leidenschaft nimmt Falk euch mit aufs Feld. Bleibt dran f\u00fcr frische Updates vom Acker, vom Hof und allem, was gerade w\u00e4chst! <\/p><\/div>\n\n\n<div style=\"height:0px\" aria-hidden=\"true\" class=\"wp-block-spacer wp-container-content-32e3a40d\"><\/div>\n<\/div>\n\n<\/li><\/ul>\n\n\n<div style=\"margin-top:0;margin-bottom:0;height:var(--wp--preset--spacing--40)\" aria-hidden=\"true\" class=\"wp-block-spacer\"><\/div>\n\n\n<nav class=\"wp-block-query-pagination is-content-justification-space-between is-layout-flex wp-container-core-query-pagination-is-layout-b2891da8 wp-block-query-pagination-is-layout-flex\" aria-label=\"Seitennummerierung\">\n\n\n<a href=\"\/index.php\/wp-json\/wp\/v2\/pages\/103?query-13-page=2\" class=\"wp-block-query-pagination-next\">N\u00e4chste Seite<span class='wp-block-query-pagination-next-arrow is-arrow-arrow' aria-hidden='true'>\u2192<\/span><\/a>\n<\/nav><\/div>\n<\/div>\n","protected":false},"excerpt":{"rendered":"<p>Aktuelles<\/p>\n","protected":false},"author":1,"featured_media":0,"parent":0,"menu_order":0,"comment_status":"closed","ping_status":"closed","template":"","meta":{"footnotes":""},"class_list":["post-103","page","type-page","status-publish","hentry"],"_links":{"self":[{"href":"https:\/\/www.netzwerk-alma.de\/index.php\/wp-json\/wp\/v2\/pages\/103","targetHints":{"allow":["GET"]}}],"collection":[{"href":"https:\/\/www.netzwerk-alma.de\/index.php\/wp-json\/wp\/v2\/pages"}],"about":[{"href":"https:\/\/www.netzwerk-alma.de\/index.php\/wp-json\/wp\/v2\/types\/page"}],"author":[{"embeddable":true,"href":"https:\/\/www.netzwerk-alma.de\/index.php\/wp-json\/wp\/v2\/users\/1"}],"replies":[{"embeddable":true,"href":"https:\/\/www.netzwerk-alma.de\/index.php\/wp-json\/wp\/v2\/comments?post=103"}],"version-history":[{"count":12,"href":"https:\/\/www.netzwerk-alma.de\/index.php\/wp-json\/wp\/v2\/pages\/103\/revisions"}],"predecessor-version":[{"id":761,"href":"https:\/\/www.netzwerk-alma.de\/index.php\/wp-json\/wp\/v2\/pages\/103\/revisions\/761"}],"wp:attachment":[{"href":"https:\/\/www.netzwerk-alma.de\/index.php\/wp-json\/wp\/v2\/media?parent=103"}],"curies":[{"name":"wp","href":"https:\/\/api.w.org\/{rel}","templated":true}]}}