{"id":107,"date":"2025-05-18T12:13:30","date_gmt":"2025-05-18T10:13:30","guid":{"rendered":"https:\/\/www.netzwerk-alma.de\/?page_id=107"},"modified":"2025-06-01T14:48:16","modified_gmt":"2025-06-01T12:48:16","slug":"kooperationen","status":"publish","type":"page","link":"https:\/\/www.netzwerk-alma.de\/index.php\/kooperationen\/","title":{"rendered":"Links"},"content":{"rendered":"\n<div style=\"height:30px\" aria-hidden=\"true\" class=\"wp-block-spacer\"><\/div>\n\n\n\n<h2 class=\"wp-block-heading\">Links<\/h2>\n\n\n<style>#sp-ea-395 .spcollapsing { height: 0; overflow: hidden; transition-property: height;transition-duration: 300ms;}#sp-ea-395.sp-easy-accordion>.sp-ea-single {margin-bottom: 10px; border: 1px solid #e2e2e2; }#sp-ea-395.sp-easy-accordion>.sp-ea-single>.ea-header a {color: #444;}#sp-ea-395.sp-easy-accordion>.sp-ea-single>.sp-collapse>.ea-body {background: #fff; color: #444;}#sp-ea-395.sp-easy-accordion>.sp-ea-single {background: #eee;}#sp-ea-395.sp-easy-accordion>.sp-ea-single>.ea-header a .ea-expand-icon { float: left; color: #444;font-size: 16px;}<\/style><div id=\"sp_easy_accordion-1748780828\"><div id=\"sp-ea-395\" class=\"sp-ea-one sp-easy-accordion\" data-ea-active=\"ea-click\" data-ea-mode=\"vertical\" data-preloader=\"\" data-scroll-active-item=\"\" data-offset-to-scroll=\"0\"><div class=\"ea-card ea-expand sp-ea-single\"><h3 class=\"ea-header\"><a class=\"collapsed\" id=\"ea-header-3950\" role=\"button\" data-sptoggle=\"spcollapse\" data-sptarget=\"#collapse3950\" aria-controls=\"collapse3950\" href=\"#\" aria-expanded=\"true\" tabindex=\"0\"><i aria-hidden=\"true\" role=\"presentation\" class=\"ea-expand-icon eap-icon-ea-expand-minus\"><\/i> Kooperationen und Netzwerke<\/a><\/h3><div class=\"sp-collapse spcollapse collapsed show\" id=\"collapse3950\" data-parent=\"#sp-ea-395\" role=\"region\" aria-labelledby=\"ea-header-3950\"> <div class=\"ea-body\"><ul><li><a href=\"http:\/\/www.soziale-landwirtschaft.de\" target=\"_blank\" rel=\"noreferrer noopener\" data-type=\"link\" data-id=\"www.soziale-landwirtschaft.de\">Deutsche Arbeits-Gemeinschaft Soziale Landwirtschaft<\/a><\/li><li><a href=\"http:\/\/www.oekoherz.de\" target=\"_blank\" rel=\"noreferrer noopener\" data-type=\"link\" data-id=\"www.oekoherz.de\">Beratungszentrum Soziale Landwirtschaft Th\u00fcringen\/Sachsen<\/a><\/li><li><a href=\"https:\/\/www.netzwerk-alma.de\/index.php\/kooperationsprojekt-goslar\/\" target=\"_blank\" rel=\"noreferrer noopener\" data-type=\"page\" data-id=\"389\">Kooperationsprojekt Goslar<\/a><\/li><\/ul><p>&nbsp;<\/p><\/div><\/div><\/div><div class=\"ea-card sp-ea-single\"><h3 class=\"ea-header\"><a class=\"collapsed\" id=\"ea-header-3951\" role=\"button\" data-sptoggle=\"spcollapse\" data-sptarget=\"#collapse3951\" aria-controls=\"collapse3951\" href=\"#\" aria-expanded=\"false\" tabindex=\"0\"><i aria-hidden=\"true\" role=\"presentation\" class=\"ea-expand-icon eap-icon-ea-expand-plus\"><\/i> Inklusion<\/a><\/h3><div class=\"sp-collapse spcollapse \" id=\"collapse3951\" data-parent=\"#sp-ea-395\" role=\"region\" aria-labelledby=\"ea-header-3951\"> <div class=\"ea-body\"><div class=\"entry-content clearfix entry-content-1025 entry-content-faq-all display-none\"><h5>Inklusion<\/h5><p><a href=\"http:\/\/inklusionsfakten.de\/\" target=\"_blank\" rel=\"noopener\"><i class=\"fa fa-external-link fa-sm\"><\/i> Fragen und Antworten zur Inklusion:<\/a><\/p><p><a href=\"http:\/\/www.bmas.de\/DE\/Themen\/Teilhabe-Inklusion\/inhalt.html\" target=\"_blank\" rel=\"noopener\"><i class=\"fa fa-external-link fa-sm\"><\/i> Ministerium f\u0081\u00fcr Arbeit und Soziales (Inklusion) <\/a><\/p><p><a href=\"http:\/\/www.inklusion-als-menschenrecht.de\/\" target=\"_blank\" rel=\"noopener\"><i class=\"fa fa-external-link fa-sm\"><\/i> Online-Handbuch zur Inklusion<\/a><\/p><p><a href=\"http:\/\/www.einfach-teilhaben.de\" target=\"_blank\" rel=\"noopener\"><i class=\"fa fa-external-link fa-sm\"><\/i> einfach teilhaben<\/a><\/p><p><a href=\"https:\/\/www.aktion-mensch.de\" target=\"_blank\" rel=\"noopener\"><i class=\"fa fa-external-link fa-sm\"><\/i> Aktion Mensch<\/a><\/p><p><a href=\"http:\/\/www.behindertenrechtskonvention.info\" target=\"_blank\" rel=\"noopener\"><i class=\"fa fa-external-link fa-sm\"><\/i> UN Konvention \u0081ber die Rechte von Menschen mit Behinderung<\/a><\/p><p><a href=\"http:\/\/www.brk-allianz.de\/\" target=\"_blank\" rel=\"noopener\"><i class=\"fa fa-external-link fa-sm\"><\/i> BRK Allianz (Parallelbericht) <\/a><\/p><h5>Verb\u00e4nde<\/h5><p><a href=\"http:\/\/www.deutscher-behindertenrat.de\/\" target=\"_blank\" rel=\"noopener\"><i class=\"fa fa-external-link fa-sm\"><\/i> Behindertenrat <\/a><\/p><p><a href=\"http:\/\/www.diefachverbaende.de\/\" target=\"_blank\" rel=\"noopener\"><i class=\"fa fa-external-link fa-sm\"><\/i> Fachverb\u00e4nde f\u00fc\u0081r Menschen mit Behinderung <\/a><\/p><p><a href=\"http:\/\/www.bagwfbm.de\/\" target=\"_blank\" rel=\"noopener\"><i class=\"fa fa-external-link fa-sm\"><\/i> BAG WfbM<\/a><\/p><p><a href=\"http:\/\/www.der-paritaetische.de\/\" target=\"_blank\" rel=\"noopener\"><i class=\"fa fa-external-link fa-sm\"><\/i> Parit\u00e4tischer Wohlfahrtsverband<\/a><\/p><p><a href=\"http:\/\/www.sovd.de\/\" target=\"_blank\" rel=\"noopener\"><i class=\"fa fa-external-link fa-sm\"><\/i> Sozialverband Deutschland<\/a><\/p><p><a href=\"http:\/\/www.vdk.de\" target=\"_blank\" rel=\"noopener\"><i class=\"fa fa-external-link fa-sm\"><\/i> Sozialverband VdK Deutschland e. V..<\/a><\/p><h5>Netzwerke<\/h5><p><a href=\"http:\/\/www.down-syndrom-netzwerk.de\/\" target=\"_blank\" rel=\"noopener\"><i class=\"fa fa-external-link fa-sm\"><\/i> Netzwerk down syndrom<\/a><\/p><p><a href=\"http:\/\/www.menschzuerst.de\/\" target=\"_blank\" rel=\"noopener\"><i class=\"fa fa-external-link fa-sm\"><\/i> People First<\/a><\/p><p><a href=\"http:\/\/www.netzwerk-artikel-3.de\/\" target=\"_blank\" rel=\"noopener\"><i class=\"fa fa-external-link fa-sm\"><\/i> Verein f\u0081\u00fcr Menschenrecht und Gleichstellung Behinderter<\/a><\/p><p><a href=\"http:\/\/www.bag-selbsthilfe.de\/\" target=\"_blank\" rel=\"noopener\"><i class=\"fa fa-external-link fa-sm\"><\/i> Bundesarbeitsgemeinschaft Selbsthilfe<\/a><\/p><p><a href=\"http:\/\/www.atempo.at\/\" target=\"_blank\" rel=\"noopener\"><i class=\"fa fa-external-link fa-sm\"><\/i> Atempo Verein f\u0081\u00fcr Menschen mit Lernschwierigkeiten und Behinderungen<\/a><\/p><p><a href=\"http:\/\/www.forsea.de\/\" target=\"_blank\" rel=\"noopener\"><i class=\"fa fa-external-link fa-sm\"><\/i> Forum selbstbestimmter Assistenz behinderter Menschen e.V.<\/a><\/p><p><a href=\"http:\/\/ohrenkuss.de\/\" target=\"_blank\" rel=\"noopener\"><i class=\"fa fa-external-link fa-sm\"><\/i> Ohrenkuss- Magazin von und mit Menschen mit Behinderung<\/a><\/p><p><a href=\"http:\/\/nitsa-ev.de\/\" target=\"_blank\" rel=\"noopener\"><i class=\"fa fa-external-link fa-sm\"><\/i> Netzwerk f\u00fcr Inklusion, Teilhabe, Selbstbestimmung und Assistenz \u2013 NITSA e.V.<\/a><\/p><h5>Werkzeuge<\/h5><p><a href=\"http:\/\/www.persoenliche-zukunftsplanung.eu\" target=\"_blank\" rel=\"noopener\"><i class=\"fa fa-external-link fa-sm\"><\/i> Pers\u00f6nliche Zukunftsplanung<\/a><\/p><p><a href=\"http:\/\/www.talentplus.de\/\" target=\"_blank\" rel=\"noopener\"><i class=\"fa fa-external-link fa-sm\"><\/i> Portal f\u0081\u00fcr Arbeit und Behinderung<\/a><\/p><p><a href=\"https:\/\/www.myhandicap.de\" target=\"_blank\" rel=\"noopener\"><i class=\"fa fa-external-link fa-sm\"><\/i> Netzwerk f\u0081\u00fcr Jobs f\u00fc\u0081r Menschen mit Behinderung mit Stellenb\u00f6rse<\/a><\/p><p><a href=\"http:\/\/www.rehadat.info\" target=\"_blank\" rel=\"noopener\"><i class=\"fa fa-external-link fa-sm\"><\/i> Datenbank zu Rehabilitation<\/a><\/p><p><a href=\"http:\/\/www.leichtesprache.org\/\" target=\"_blank\" rel=\"noopener\"><i class=\"fa fa-external-link fa-sm\"><\/i> Netzwerk leichte Sprache<\/a><\/p><h5>Forschung<\/h5><p><a href=\"http:\/\/bidok.uibk.ac.at\/\" target=\"_blank\" rel=\"noopener\"><i class=\"fa fa-external-link fa-sm\"><\/i> digitale Bibliothek zu Integration und Inklusion<\/a><\/p><p><a href=\"http:\/\/www.rehadat-forschung.de\/de\/\" target=\"_blank\" rel=\"noopener\"><i class=\"fa fa-external-link fa-sm\"><\/i> Forschungs- und Modellprojekte im \u00dcberblick<\/a><\/p><p><a href=\"http:\/\/www.dgrw-online.de\/\" target=\"_blank\" rel=\"noopener\"><i class=\"fa fa-external-link fa-sm\"><\/i> Deutsche Gesellschaft f\u00fc\u0081r Rehabilitationswissenschaften<\/a><\/p><p><a href=\"http:\/\/www.1000fragen.de\/\" target=\"_blank\" rel=\"noopener\"><i class=\"fa fa-external-link fa-sm\"><\/i> Bioethik<\/a><\/p><\/div><\/div><\/div><\/div><div class=\"ea-card sp-ea-single\"><h3 class=\"ea-header\"><a class=\"collapsed\" id=\"ea-header-3952\" role=\"button\" data-sptoggle=\"spcollapse\" data-sptarget=\"#collapse3952\" aria-controls=\"collapse3952\" href=\"#\" aria-expanded=\"false\" tabindex=\"0\"><i aria-hidden=\"true\" role=\"presentation\" class=\"ea-expand-icon eap-icon-ea-expand-plus\"><\/i> L\u00e4ndlicher Raum \/ Landwirtschaft<\/a><\/h3><div class=\"sp-collapse spcollapse \" id=\"collapse3952\" data-parent=\"#sp-ea-395\" role=\"region\" aria-labelledby=\"ea-header-3952\"> <div class=\"ea-body\"><h5>Allgemein<\/h5><p><a href=\"http:\/\/www.aid.de\/\" target=\"_blank\" rel=\"noopener\"><i class=\"fa fa-external-link fa-sm\"><\/i> <strong>aid<\/strong>: Auswertungs- und Informationsdienst f\u0081r Ern\u201ehrung, Landwirtschaft und Forsten<\/a><\/p><p><a href=\"http:\/\/www.bmel.de\" target=\"_blank\" rel=\"noopener\"><i class=\"fa fa-external-link fa-sm\"><\/i> Bundesministerium f\u0081\u00fcr Ern\u00e4hrung und Landwirtschaft<\/a><\/p><p><a href=\"https:\/\/www.bildungsserveragrar.de\" target=\"_blank\" rel=\"noopener\"><i class=\"fa fa-external-link fa-sm\"><\/i> Bildungsserver agrar<\/a><\/p><p><a href=\"http:\/\/www.ima-agrar.de\/\" target=\"_blank\" rel=\"noopener\"><i class=\"fa fa-external-link fa-sm\"><\/i> information.medien.agrar e.V<\/a><\/p><p><a href=\"http:\/\/www.landwirtschaftskammern.de\/\" target=\"_blank\" rel=\"noopener\"><i class=\"fa fa-external-link fa-sm\"><\/i> Verband der Landwirtschaftskammern<\/a><\/p><h5>\u00d6kolandbau<\/h5><p><a href=\"https:\/\/www.oekolandbau.de\/erzeuger\/oekonomie\/diversifizierung\/soziale-landwirtschaft\/\" target=\"_blank\" rel=\"noopener\"><i class=\"fa fa-external-link fa-sm\"><\/i> Informationsportal zum \u00d6kolandbau<\/a><\/p><p><a href=\"http:\/\/www.soel.de\/\" target=\"_blank\" rel=\"noopener\"><i class=\"fa fa-external-link fa-sm\"><\/i> Stiftung \u00d6kologie uns Landbau<\/a><\/p><h5>L\u00e4ndliche R\u00e4ume<\/h5><p><a href=\"http:\/\/www.prolr.de\" target=\"_blank\" rel=\"noopener\"><i class=\"fa fa-external-link fa-sm\"><\/i> Projektb\u00fc\u0081ro l\u00e4ndliche R\u00e4ume<\/a><\/p><p><a href=\"http:\/\/www.netzwerk-laendlicher-raum.de\/\" target=\"_blank\" rel=\"noopener\"><i class=\"fa fa-external-link fa-sm\"><\/i> Deutsche Vernetzungsstelle l\u00e4ndliche R\u00e4ume<\/a><\/p><p><a href=\"http:\/\/www.regionalbewegung.de\" target=\"_blank\" rel=\"noopener\"><i class=\"fa fa-external-link fa-sm\"><\/i> Dachverband und Interessenvertretung f\u0081\u00fcr Regionalinitiativen<\/a><\/p><h5>B\u00e4ur*innenorganisationen<\/h5><p><a href=\"http:\/\/www.baeuerinnentreff.de\/\" target=\"_blank\" rel=\"noopener\"><i class=\"fa fa-external-link fa-sm\"><\/i> B\u00e4uerinnentreff<\/a><\/p><p><a href=\"http:\/\/www.hof\u00fc\u0081bergabe.org\/\" target=\"_blank\" rel=\"noopener\"><i class=\"fa fa-external-link fa-sm\"><\/i> Hof\u0081\u00fcbergabe<\/a><\/p><p><a href=\"http:\/\/www.hofgruender.de\" target=\"_blank\" rel=\"noopener\"><i class=\"fa fa-external-link fa-sm\"><\/i> Hofgr\u00fcnder<\/a><\/p><p><a href=\"http:\/\/www.junglandwirte.de\" target=\"_blank\" rel=\"noopener\"><i class=\"fa fa-external-link fa-sm\"><\/i> Landjugend<\/a><\/p><p><a href=\"http:\/\/www.bagejl.de\" target=\"_blank\" rel=\"noopener\"><i class=\"fa fa-external-link fa-sm\"><\/i> Bundesarbeitsgemeinschaft der Evangelischen Jugend im l\u00e4ndlichen Raum e.V.<\/a><\/p><p><a href=\"http:\/\/www.abl-ev.de\/\" target=\"_blank\" rel=\"noopener\"><i class=\"fa fa-external-link fa-sm\"><\/i> Arbeitskreis b\u00e4uerliche Landwirtschaft<\/a><\/p><h5>Foschung<\/h5><p><a href=\"http:\/\/www.fibl.org\" target=\"_blank\" rel=\"noopener\"><i class=\"fa fa-external-link fa-sm\"><\/i> FIbL<\/a><\/p><p><a href=\"http:\/\/www.schweisfurth-stiftung.de\" target=\"_blank\" rel=\"noopener\"><i class=\"fa fa-external-link fa-sm\"><\/i> Schweisfurth Stiftung<\/a><\/p><p><a href=\"http:\/\/www.ti.bund.de\/\" target=\"_blank\" rel=\"noopener\"><i class=\"fa fa-external-link fa-sm\"><\/i> Bundesforschungsinstitut f\u0081\u00fcr l\u00e4ndliche R\u00e4ume, Wald und Fischerei<\/a><\/p><p><a href=\"http:\/\/www.agrarbuendnis.de\" target=\"_blank\" rel=\"noopener\"><i class=\"fa fa-external-link fa-sm\"><\/i> Agrarb\u0081ndnis ( kritischer Agrarbericht) <\/a><\/p><\/div><\/div><\/div><div class=\"ea-card sp-ea-single\"><h3 class=\"ea-header\"><a class=\"collapsed\" id=\"ea-header-3953\" role=\"button\" data-sptoggle=\"spcollapse\" data-sptarget=\"#collapse3953\" aria-controls=\"collapse3953\" href=\"#\" aria-expanded=\"false\" tabindex=\"0\"><i aria-hidden=\"true\" role=\"presentation\" class=\"ea-expand-icon eap-icon-ea-expand-plus\"><\/i> Landwirtschaft und Soziales<\/a><\/h3><div class=\"sp-collapse spcollapse \" id=\"collapse3953\" data-parent=\"#sp-ea-395\" role=\"region\" aria-labelledby=\"ea-header-3953\"> <div class=\"ea-body\"><p><a href=\"http:\/\/www.soziale-landwirtschaft.de\/\" target=\"_blank\" rel=\"noopener\">Deutsche Arbeitsgemeinschaft soziale Landwirtschaft<\/a><\/p><p><a href=\"https:\/\/www.lwk-niedersachsen.de\/index.cfm\/portal\/6\/nav\/1840\/article\/24714.html\" target=\"_blank\" rel=\"noopener\"><i class=\"fa fa-external-link fa-sm\"><\/i> Inklusionskompentenz bei den Kammern NDS<\/a><\/p><p><a href=\"http:\/\/www.lwk-rlp.de\/aktuelles\/einzelansicht\/archive\/2013\/august\/article\/inklusion-landwirtschaftskammer-rheinland-pfalz-geht-neue-wege\/\" target=\"_blank\" rel=\"noopener\"><i class=\"fa fa-external-link fa-sm\"><\/i> Inklusionskompentenz bei den Kammern RLP<\/a><\/p><p><a href=\"http:\/\/www.lksh.de\/aus-und-weiterbildung\/projekt-inklusion\/\" target=\"_blank\" rel=\"noopener\"><i class=\"fa fa-external-link fa-sm\"><\/i> Inklusionskompentenz bei den Kammern SH<\/a><\/p><p><a href=\"https:\/\/www.landwirtschaftskammer.de\/landwirtschaft\/inklusion\/index.htm\" target=\"_blank\" rel=\"noopener\"><i class=\"fa fa-external-link fa-sm\"><\/i> Inklusionskompentenz bei den Kammern NRW<\/a><\/p><p><a href=\"http:\/\/www.zukunftsstiftung-landwirtschaft.de\" target=\"_blank\" rel=\"noopener\"><i class=\"fa fa-external-link fa-sm\"><\/i> Zukunftstiftung Landwirtschaft<\/a><\/p><p><a href=\"http:\/\/www.asg-goe.de\" target=\"_blank\" rel=\"noopener\"><i class=\"fa fa-external-link fa-sm\"><\/i> Agrarsoziale Gesellschaft<\/a><\/p><p><a href=\"http:\/\/www.landwirtschaftliche-familienberatung.de\" target=\"_blank\" rel=\"noopener\"><i class=\"fa fa-external-link fa-sm\"><\/i> Landwirtschaftliche Sorgentelefone<\/a><\/p><p><a href=\"http:\/\/www.gartenbau-und-therapie.org\/\" target=\"_blank\" rel=\"noopener\"><i class=\"fa fa-external-link fa-sm\"><\/i> Gesellschaft f\u0081\u00fcr Gartenbau und Therapie<\/a><\/p><p><a href=\"http:\/\/www.tiergestuetzte-therapie.de\/\" target=\"_blank\" rel=\"noopener\"><i class=\"fa fa-external-link fa-sm\"><\/i> Tiergest\u0081tzte Therapie<\/a><\/p><p><a href=\"http:\/\/lernen-mit-tieren.de\" target=\"_blank\" rel=\"noopener\"><i class=\"fa fa-external-link fa-sm\"><\/i> Institut f\u0081\u00fcr Soziales Lernen mit Tieren<\/a><\/p><p><a href=\"http:\/\/www.iggt.eu\/\" target=\"_blank\" rel=\"noopener\"><i class=\"fa fa-external-link fa-sm\"><\/i> Internationalen Gesellschaft Gartentherapie<\/a><\/p><p><a href=\"http:\/\/www.gartentherapie-neuberger.de\/\" target=\"_blank\" rel=\"noopener\"><i class=\"fa fa-external-link fa-sm\"><\/i> Gartentherapie Neuberger<\/a><\/p><h5>Aus- und Weiterbildung<\/h5><p><a href=\"http:\/\/www.hnee.de\" target=\"_blank\" rel=\"noopener\"><i class=\"fa fa-external-link fa-sm\"><\/i> Weiterbildung Soziale Landwirtschaft<\/a><\/p><p><a href=\"http:\/\/www.agrarumweltpaedagogik.ac.at\/\" target=\"_blank\" rel=\"noopener\"><i class=\"fa fa-external-link fa-sm\"><\/i> Studiengang Gartentherapie<\/a><\/p><p><a href=\"http:\/\/www.slowfood.de\/bildung\/schulprojekt_teller_statt_tonne\/workshops_fuer_landwirte\/\" target=\"_blank\" rel=\"noopener\"><i class=\"fa fa-external-link fa-sm\"><\/i> Slow Food <\/a><\/p><h5>Lernort Bauernhof<\/h5><p><a href=\"http:\/\/www.lernenaufdembauernhof.de\/\" target=\"_blank\" rel=\"noopener\"><i class=\"fa fa-external-link fa-sm\"><\/i> Forum Lernort Bauernhof<\/a><\/p><p><a href=\"http:\/\/www.baglob.de\/\" target=\"_blank\" rel=\"noopener\"><i class=\"fa fa-external-link fa-sm\"><\/i> BAG Lernort Bauernhof<\/a><\/p><p><a href=\"http:\/\/www.lernort-bauernhof.de\" target=\"_blank\" rel=\"noopener\"><i class=\"fa fa-external-link fa-sm\"><\/i> Erlebnisbauernh\u00f6fe in Bayern<\/a><\/p><p><a href=\"http:\/\/www.sinn-stiftung.de\/aktiv-hofe-2\/\" target=\"_blank\" rel=\"noopener\"><i class=\"fa fa-external-link fa-sm\"><\/i> Sinn-Stiftung Aktiv H\u00f6fe<\/a><\/p><h5>\u00c4hnliche Themen<\/h5><p><a href=\"http:\/\/www.solidarische-landwirtschaft.org\/de\/startseite\/\" target=\"_blank\" rel=\"noopener\"><i class=\"fa fa-external-link fa-sm\"><\/i> Solidarische Landwirtschaft<\/a><\/p><p><a href=\"http:\/\/anstiftung.de\/urbane-gaerten\/interkulturelle-gaerten-ig\" target=\"_blank\" rel=\"noopener\"><i class=\"fa fa-external-link fa-sm\"><\/i> Interkulturelle G\u00e4rten<\/a><\/p><h5>\u00d6sterreich und Schweiz<\/h5><p><a href=\"http:\/\/www.oekl-tgi.at\/\" target=\"_blank\" rel=\"noopener\"><i class=\"fa fa-external-link fa-sm\"><\/i> Tiergest\u00fc\u0081tzte Intervention am Bauernhof<\/a><\/p><p><a href=\"http:\/\/www.greencare-oe.at\/\" target=\"_blank\" rel=\"noopener\"><i class=\"fa fa-external-link fa-sm\"><\/i> Green Care in \u00d6sterrreich<\/a><\/p><p><a href=\"http:\/\/www.greencare.at\/\" target=\"_blank\" rel=\"noopener\"><i class=\"fa fa-external-link fa-sm\"><\/i> Green Care in \u00d6sterrreich<\/a><\/p><p><a href=\"http:\/\/www.berggebiete.at\" target=\"_blank\" rel=\"noopener\"><i class=\"fa fa-external-link fa-sm\"><\/i> Bundesanstalt f\u00fc\u0081r Bergbauernfragen<\/a><\/p><p><a href=\"http:\/\/www.carefarming.ch\/home\/\" target=\"_blank\" rel=\"noopener\"><i class=\"fa fa-external-link fa-sm\"><\/i> Soziale Betreuungsdienstleistungen auf dem Bauernhof<\/a><\/p><p><a href=\"http:\/\/www.greencare.ch\/\" target=\"_blank\" rel=\"noopener\"><i class=\"fa fa-external-link fa-sm\"><\/i> Plattform f\u0081\u00fcr Akteure und Nutzende im Bereich Umwelt und Gesundheit<\/a><\/p><p><a href=\"http:\/\/care-farming.ch\/\" target=\"_blank\" rel=\"noopener\"><i class=\"fa fa-external-link fa-sm\"><\/i> Verein CareFarming Schweiz<\/a><\/p><p><a href=\"http:\/\/www.lub.ch\" target=\"_blank\" rel=\"noopener\"><i class=\"fa fa-external-link fa-sm\"><\/i> Stiftung Landwirtschaft und Behinderte<\/a><\/p><\/div><\/div><\/div><div class=\"ea-card sp-ea-single\"><h3 class=\"ea-header\"><a class=\"collapsed\" id=\"ea-header-3954\" role=\"button\" data-sptoggle=\"spcollapse\" data-sptarget=\"#collapse3954\" aria-controls=\"collapse3954\" href=\"#\" aria-expanded=\"false\" tabindex=\"0\"><i aria-hidden=\"true\" role=\"presentation\" class=\"ea-expand-icon eap-icon-ea-expand-plus\"><\/i> Partner und Projekte<\/a><\/h3><div class=\"sp-collapse spcollapse \" id=\"collapse3954\" data-parent=\"#sp-ea-395\" role=\"region\" aria-labelledby=\"ea-header-3954\"> <div class=\"ea-body\"><p><a href=\"http:\/\/www.bioland.de\" target=\"_blank\" rel=\"noopener\">Bioland<\/a><\/p><p><a href=\"http:\/\/www.demeter.de\/\" target=\"_blank\" rel=\"noopener\"><i class=\"fa fa-external-link fa-sm\"><\/i> demeter<\/a><\/p><p><a href=\"http:\/\/www.naturland.de\" target=\"_blank\" rel=\"noopener\"><i class=\"fa fa-external-link fa-sm\"><\/i> Naturland<\/a><\/p><p><a href=\"http:\/\/www.bag-ub.de\/\" target=\"_blank\" rel=\"noopener\"><i class=\"fa fa-external-link fa-sm\"><\/i> BAG UB<\/a><\/p><p><a href=\"http:\/\/www.rentenbank.de\/\" target=\"_blank\" rel=\"noopener\"><i class=\"fa fa-external-link fa-sm\"><\/i> Rentenbank<\/a><\/p><p><a href=\"http:\/\/maie-project.eu\" target=\"_blank\" rel=\"noopener\"><i class=\"fa fa-external-link fa-sm\"><\/i> Transnationales Kompetenzzentrum \u2013 internationale Netzwerkplattform und Kompetenzzentrum f\u00fc\u0081r Soziale Landwirtschaft<\/a><\/p><p><a class=\"moz-txt-link-abbreviated\" href=\"http:\/\/www.teilhabe-landwirtschaft.de\" target=\"_blank\" rel=\"noreferrer nofollow noopener\">www.teilhabe-landwirtschaft.de<\/a><\/p><p><a href=\"http:\/\/blogs.hawk-hhg.de\/vivage\" target=\"_blank\" rel=\"noopener\">VivAge<\/a><\/p><p><a href=\"https:\/\/www.netzwerk-alma.de\/wp-content\/uploads\/2025\/06\/Positionspapier_Inklusives_Arbeiten_Leichte_Sprache.pdf\" target=\"_blank\" rel=\"noopener\">Der Parit\u00e4tische fordert Inklusion im Arbeits-Leben<\/a><\/p><p>&nbsp;<\/p><\/div><\/div><\/div><\/div><\/div>\n","protected":false},"excerpt":{"rendered":"<p>Links<\/p>\n","protected":false},"author":1,"featured_media":0,"parent":0,"menu_order":0,"comment_status":"closed","ping_status":"closed","template":"","meta":{"footnotes":""},"class_list":["post-107","page","type-page","status-publish","hentry"],"_links":{"self":[{"href":"https:\/\/www.netzwerk-alma.de\/index.php\/wp-json\/wp\/v2\/pages\/107","targetHints":{"allow":["GET"]}}],"collection":[{"href":"https:\/\/www.netzwerk-alma.de\/index.php\/wp-json\/wp\/v2\/pages"}],"about":[{"href":"https:\/\/www.netzwerk-alma.de\/index.php\/wp-json\/wp\/v2\/types\/page"}],"author":[{"embeddable":true,"href":"https:\/\/www.netzwerk-alma.de\/index.php\/wp-json\/wp\/v2\/users\/1"}],"replies":[{"embeddable":true,"href":"https:\/\/www.netzwerk-alma.de\/index.php\/wp-json\/wp\/v2\/comments?post=107"}],"version-history":[{"count":4,"href":"https:\/\/www.netzwerk-alma.de\/index.php\/wp-json\/wp\/v2\/pages\/107\/revisions"}],"predecessor-version":[{"id":405,"href":"https:\/\/www.netzwerk-alma.de\/index.php\/wp-json\/wp\/v2\/pages\/107\/revisions\/405"}],"wp:attachment":[{"href":"https:\/\/www.netzwerk-alma.de\/index.php\/wp-json\/wp\/v2\/media?parent=107"}],"curies":[{"name":"wp","href":"https:\/\/api.w.org\/{rel}","templated":true}]}}