{"id":389,"date":"2025-06-01T14:25:58","date_gmt":"2025-06-01T12:25:58","guid":{"rendered":"https:\/\/www.netzwerk-alma.de\/?page_id=389"},"modified":"2025-06-01T14:36:49","modified_gmt":"2025-06-01T12:36:49","slug":"kooperationsprojekt-goslar","status":"publish","type":"page","link":"https:\/\/www.netzwerk-alma.de\/index.php\/kooperationsprojekt-goslar\/","title":{"rendered":"Kooperationsprojekt Goslar"},"content":{"rendered":"\n<div style=\"height:30px\" aria-hidden=\"true\" class=\"wp-block-spacer\"><\/div>\n\n\n\n<h2 class=\"wp-block-heading\">Kooperationsprojekt Goslar<\/h2>\n\n\n\n<p>Die Lebenshilfe in Goslar und der Biolandhof Weddingen konnten 2013\/14 als Partner f\u00fcr einen vielversprechenden modellhaften Ansatz gewonnen werden: Durch die Bereitschaft der Lebenshilfe einerseits, die Aufgabenstellung der Werkstatt offen und neu im Sinne einer variablen Unterst\u00fctzung zu denken und andererseits des Biolandhofs Weddingen nicht nur Menschen mit Behinderung zu besch\u00e4ftigen und auszubilden, sondern den Betrieb auch orientiert an den M\u00f6glichkeiten und Interessen der behinderten Mitarbeiter entlang aufzustellen und weiterzuentwickeln, sehen wir hier eine besondere Chance zur Erprobung modellhafter Kooperationswerkzeuge.<\/p>\n\n\n\n<p>\u00dcber die Schaffung von sinnvollen, lebendig integrierte Arbeitspl\u00e4tzen vor Ort hinaus k\u00f6nnen durch das langfristige, strukturierte Zusammenwirken des sozial-fachlichen Partners Lebenshilfe mit betrieblichen Partnern in diesem Modell sowohl der Bedarf an derartigen Unterst\u00fctzungsinstrumenten in der Praxis ermittelt als auch hierf\u00fcr passende Angebote und L\u00f6sungen im interdisziplin\u00e4r kompetent besetzten Team entwickelt werden.<\/p>\n\n\n\n<p>Als Netzwerk alma wollen wir unser Know-How in diesen Prozess vor Ort mit einbringen, vor allem aber die dortigen Erfahrungen und L\u00f6sungsans\u00e4tze evaluieren und \u00fcbertragbare Formate aus den individuellen L\u00f6sungen entwickeln, um diese anderen Projekten, Initiativen und Einrichtungen zur Verf\u00fcgung stellen.<\/p>\n\n\n\n<h4 class=\"wp-block-heading\">Forschungsarbeiten<\/h4>\n\n\n\n<p>Neben der kontinuierlichen Arbeit im Kooperationsprojekt in Goslar konnten wir im Rahmen des Projekts zwei wissenschaftlich angelegte Forschungsarbeiten zur Evaluierung begleiten. Die erste befasst sich mit dem Werkzeug der Qualifizierungsbausteine: \u201eWerden die Funktionen von beruflicher Bildung und der Teilhabe am Arbeitsleben in gr\u00fcnen WfbM durch Qualifizierungsbausteine aus Nutzersicht (MmB) erreicht? Wie nehmen MmB berufliche Bildung und ihre Auswirkungen anhand von Qualifizierungsbausteinen wahr?\u201c. Die zweite Arbeit befasst sich bereits mit der Wissensvermittlung: \u201eKonzeption eines Seminarangebots f\u00fcr Landwirt*innen zur Einrichtung landwirtschaftlicher Au\u00dfenarbeitspl\u00e4tze von Behindertenwerkst\u00e4tten\u201c Beide Arbeiten waren an Universit\u00e4ten angesiedelt und wurden au\u00dfer im Projekt auch noch von den dortigen Lehrkr\u00e4ften begleitet und bewertet.<\/p>\n\n\n\n<h4 class=\"wp-block-heading\">Aktuelles<\/h4>\n\n\n\n<p>\u201eUmgang mit der Motorhacke\u201c, \u201ePacken der Gem\u00fcsekiste\u201c oder \u201eKartoffeln zum Verkauf vorbereiten\u201c \u2013 in verschiedenen Qualifizierungsbausteinen entwickeln die Teilnehmer*innen im Kooperationsprojekt ihre F\u00e4higkeiten weiter. Mit Unterst\u00fctzung der Landwirtschaftskammer und der Berufsschule wurden am 20. Januar in Weddingen Leistungsfeststellungen durchgef\u00fchrt.<\/p>\n\n\n\n<figure class=\"wp-block-image size-full\"><img loading=\"lazy\" decoding=\"async\" width=\"799\" height=\"487\" src=\"https:\/\/www.netzwerk-alma.de\/wp-content\/uploads\/2025\/06\/grafik-20.png\" alt=\"\" class=\"wp-image-390\" srcset=\"https:\/\/www.netzwerk-alma.de\/wp-content\/uploads\/2025\/06\/grafik-20.png 799w, https:\/\/www.netzwerk-alma.de\/wp-content\/uploads\/2025\/06\/grafik-20-300x183.png 300w, https:\/\/www.netzwerk-alma.de\/wp-content\/uploads\/2025\/06\/grafik-20-768x468.png 768w\" sizes=\"auto, (max-width: 799px) 100vw, 799px\" \/><\/figure>\n\n\n\n<figure class=\"wp-block-image size-full\"><img loading=\"lazy\" decoding=\"async\" width=\"768\" height=\"512\" src=\"https:\/\/www.netzwerk-alma.de\/wp-content\/uploads\/2025\/06\/grafik-21.png\" alt=\"\" class=\"wp-image-391\" srcset=\"https:\/\/www.netzwerk-alma.de\/wp-content\/uploads\/2025\/06\/grafik-21.png 768w, https:\/\/www.netzwerk-alma.de\/wp-content\/uploads\/2025\/06\/grafik-21-300x200.png 300w\" sizes=\"auto, (max-width: 768px) 100vw, 768px\" \/><\/figure>\n\n\n\n<figure class=\"wp-block-image size-full\"><img loading=\"lazy\" decoding=\"async\" width=\"768\" height=\"510\" src=\"https:\/\/www.netzwerk-alma.de\/wp-content\/uploads\/2025\/06\/grafik-22.png\" alt=\"\" class=\"wp-image-392\" srcset=\"https:\/\/www.netzwerk-alma.de\/wp-content\/uploads\/2025\/06\/grafik-22.png 768w, https:\/\/www.netzwerk-alma.de\/wp-content\/uploads\/2025\/06\/grafik-22-300x199.png 300w\" sizes=\"auto, (max-width: 768px) 100vw, 768px\" \/><\/figure>\n\n\n\n<p>Mit Unterst\u00fctzung der Landwirtschaftskammer und der Berufsschule wurden am 20. Januar in Weddingen Leistungsaufstellungen durchgef\u00fchrt<\/p>\n","protected":false},"excerpt":{"rendered":"<p>Kooperationsprojekt Goslar Die Lebenshilfe in Goslar und der Biolandhof Weddingen konnten 2013\/14 als Partner f\u00fcr einen vielversprechenden modellhaften Ansatz gewonnen werden: Durch die Bereitschaft der Lebenshilfe einerseits, die Aufgabenstellung der Werkstatt offen und neu im Sinne einer variablen Unterst\u00fctzung zu denken und andererseits des Biolandhofs Weddingen nicht nur Menschen mit Behinderung zu besch\u00e4ftigen und auszubilden, [&hellip;]<\/p>\n","protected":false},"author":1,"featured_media":0,"parent":0,"menu_order":0,"comment_status":"closed","ping_status":"closed","template":"","meta":{"footnotes":""},"class_list":["post-389","page","type-page","status-publish","hentry"],"_links":{"self":[{"href":"https:\/\/www.netzwerk-alma.de\/index.php\/wp-json\/wp\/v2\/pages\/389","targetHints":{"allow":["GET"]}}],"collection":[{"href":"https:\/\/www.netzwerk-alma.de\/index.php\/wp-json\/wp\/v2\/pages"}],"about":[{"href":"https:\/\/www.netzwerk-alma.de\/index.php\/wp-json\/wp\/v2\/types\/page"}],"author":[{"embeddable":true,"href":"https:\/\/www.netzwerk-alma.de\/index.php\/wp-json\/wp\/v2\/users\/1"}],"replies":[{"embeddable":true,"href":"https:\/\/www.netzwerk-alma.de\/index.php\/wp-json\/wp\/v2\/comments?post=389"}],"version-history":[{"count":3,"href":"https:\/\/www.netzwerk-alma.de\/index.php\/wp-json\/wp\/v2\/pages\/389\/revisions"}],"predecessor-version":[{"id":399,"href":"https:\/\/www.netzwerk-alma.de\/index.php\/wp-json\/wp\/v2\/pages\/389\/revisions\/399"}],"wp:attachment":[{"href":"https:\/\/www.netzwerk-alma.de\/index.php\/wp-json\/wp\/v2\/media?parent=389"}],"curies":[{"name":"wp","href":"https:\/\/api.w.org\/{rel}","templated":true}]}}