{"id":524,"date":"2025-12-04T08:43:16","date_gmt":"2025-12-04T07:43:16","guid":{"rendered":"https:\/\/www.netzwerk-alma.de\/?page_id=524"},"modified":"2025-12-04T11:43:12","modified_gmt":"2025-12-04T10:43:12","slug":"alma-akademie","status":"publish","type":"page","link":"https:\/\/www.netzwerk-alma.de\/index.php\/alma-akademie\/","title":{"rendered":"alma Akademie"},"content":{"rendered":"\n<h2 class=\"wp-block-heading\">alma Akademie<\/h2>\n\n\n\n<p>In den letzten drei Jahren konnten wir im Modellprojekt \u201eF\u00d6J f\u00fcr ALLE!\u201c vielf\u00e4ltige Erfahrungen zu den Herausforderungen und dem gelingenden Umgang mit Diversit\u00e4t und Inklusion im Freiwilligendienst sammeln. Ein Erfolg, den wir neben der Bereitschaft und Offenheit aller Mitwirkenden auf unsere professionelle Prozessbegleitung zur\u00fcckf\u00fchren k\u00f6nnen.&nbsp;<\/p>\n\n\n\n<p>Dieses&nbsp;Know-How, vom Erstgespr\u00e4ch \u00fcber die bedarfsgerechte Organisation von Unterst\u00fctzungsleistungen, die Gestaltung inklusiver Seminarsituationen bis zum Umgang mit Krisen oder dem Entwickeln von Anschlussperspektiven haben wir nun in praxisbezogenen Weiterbildungsmodulen aufbereitet.<\/p>\n\n\n\n<p>Die Angebote richten sich an: <\/p>\n\n\n\n<p><\/p>\n\n\n\n<div class=\"wp-block-buttons is-layout-flex wp-block-buttons-is-layout-flex\">\n<div class=\"wp-block-button\"><a class=\"wp-block-button__link wp-element-button\" href=\"https:\/\/www.netzwerk-alma.de\/wp-content\/uploads\/2025\/12\/Alma-Seminare-und-Workshops-B.pdf\" target=\"_blank\" rel=\"noreferrer noopener\">Menschen mit Behinderung, die einen Freiwilligendienst absolvieren m\u00f6chten<\/a><\/div>\n\n\n\n<div class=\"wp-block-button\"><a class=\"wp-block-button__link wp-element-button\" href=\"https:\/\/www.netzwerk-alma.de\/wp-content\/uploads\/2025\/12\/Alma-Seminare-und-Workshops-B.pdf\" target=\"_blank\" rel=\"noreferrer noopener\">Ihre Zugeh\u00f6rigen<\/a><\/div>\n\n\n\n<div class=\"wp-block-button\"><a class=\"wp-block-button__link wp-element-button\" href=\"https:\/\/www.netzwerk-alma.de\/wp-content\/uploads\/2025\/12\/Alma-Seminare-und-Workshops-A-2.pdf\" target=\"_blank\" rel=\"noreferrer noopener\">Tr\u00e4ger der Freiwilligendienste<\/a><\/div>\n\n\n\n<div class=\"wp-block-button\"><a class=\"wp-block-button__link wp-element-button\" href=\"https:\/\/www.netzwerk-alma.de\/wp-content\/uploads\/2025\/12\/Alma-Seminare-und-Workshops-A-2.pdf\" target=\"_blank\" rel=\"noreferrer noopener\">Einsatzstellen des Freiwilligendienstes<\/a><\/div>\n\n\n\n<div class=\"wp-block-button\"><a class=\"wp-block-button__link wp-element-button\" href=\"https:\/\/www.netzwerk-alma.de\/wp-content\/uploads\/2025\/12\/Alma-Seminare-und-Workshops-C.pdf\" target=\"_blank\" rel=\"noreferrer noopener\">&nbsp;EUTB\u00b4s, Tr\u00e4ger der Rehabilitation, sowie andere Beratungsstellen<\/a><\/div>\n\n\n\n<div class=\"wp-block-button\"><a class=\"wp-block-button__link wp-element-button\" href=\"https:\/\/www.netzwerk-alma.de\/wp-content\/uploads\/2025\/12\/Alma-Seminare-und-Workshops-D-1.pdf\" target=\"_blank\" rel=\"noreferrer noopener\">F\u00f6rderschulen, Tagesbildungsst\u00e4tten sowie Tr\u00e4ger der Behindertenhilfe<\/a><\/div>\n<\/div>\n\n\n\n<p><\/p>\n\n\n\n<p>Gern d\u00fcrfen Sie uns auch f\u00fcr ein individuell zugeschnittenes Angebot kontaktieren. Neben speziell auf Ihre Bedarfe zugeschnittene Workshops und Seminare, kann es sich dabei auch um Moderationen oder individuelle Beratungssettings handeln.<\/p>\n\n\n\n<figure class=\"wp-block-image size-large is-resized\"><img loading=\"lazy\" decoding=\"async\" width=\"1024\" height=\"601\" src=\"https:\/\/www.netzwerk-alma.de\/wp-content\/uploads\/2025\/12\/AM_Foerder_Logo_RGB-1024x601.png\" alt=\"\" class=\"wp-image-525\" style=\"aspect-ratio:1.70388182755067;width:198px;height:auto\" srcset=\"https:\/\/www.netzwerk-alma.de\/wp-content\/uploads\/2025\/12\/AM_Foerder_Logo_RGB-1024x601.png 1024w, https:\/\/www.netzwerk-alma.de\/wp-content\/uploads\/2025\/12\/AM_Foerder_Logo_RGB-300x176.png 300w, https:\/\/www.netzwerk-alma.de\/wp-content\/uploads\/2025\/12\/AM_Foerder_Logo_RGB-768x451.png 768w, https:\/\/www.netzwerk-alma.de\/wp-content\/uploads\/2025\/12\/AM_Foerder_Logo_RGB.png 1182w\" sizes=\"auto, (max-width: 1024px) 100vw, 1024px\" \/><\/figure>\n\n\n\n<p>Das Modellprojekt konnte nur durch eine gro\u00dfz\u00fcgige F\u00f6rderung der Aktion Mensch durchgef\u00fchrt werden. Diese erm\u00f6glicht uns dankenswerterweise auch jetzt, Ihnen unsere Erfahrungen bis Ende Juli 2026 zu sehr g\u00fcnstigen Konditionen weiterzugeben.&nbsp;<\/p>\n\n\n\n<p><strong>Wir freuen uns auf Sie und Ihre Kontaktaufnahme! <\/strong><\/p>\n\n\n\n<p><\/p>\n","protected":false},"excerpt":{"rendered":"<p>alma Akademie In den letzten drei Jahren konnten wir im Modellprojekt \u201eF\u00d6J f\u00fcr ALLE!\u201c vielf\u00e4ltige Erfahrungen zu den Herausforderungen und dem gelingenden Umgang mit Diversit\u00e4t und Inklusion im Freiwilligendienst sammeln. Ein Erfolg, den wir neben der Bereitschaft und Offenheit aller Mitwirkenden auf unsere professionelle Prozessbegleitung zur\u00fcckf\u00fchren k\u00f6nnen.&nbsp; Dieses&nbsp;Know-How, vom Erstgespr\u00e4ch \u00fcber die bedarfsgerechte Organisation von [&hellip;]<\/p>\n","protected":false},"author":1,"featured_media":0,"parent":0,"menu_order":0,"comment_status":"closed","ping_status":"closed","template":"","meta":{"footnotes":""},"class_list":["post-524","page","type-page","status-publish","hentry"],"_links":{"self":[{"href":"https:\/\/www.netzwerk-alma.de\/index.php\/wp-json\/wp\/v2\/pages\/524","targetHints":{"allow":["GET"]}}],"collection":[{"href":"https:\/\/www.netzwerk-alma.de\/index.php\/wp-json\/wp\/v2\/pages"}],"about":[{"href":"https:\/\/www.netzwerk-alma.de\/index.php\/wp-json\/wp\/v2\/types\/page"}],"author":[{"embeddable":true,"href":"https:\/\/www.netzwerk-alma.de\/index.php\/wp-json\/wp\/v2\/users\/1"}],"replies":[{"embeddable":true,"href":"https:\/\/www.netzwerk-alma.de\/index.php\/wp-json\/wp\/v2\/comments?post=524"}],"version-history":[{"count":6,"href":"https:\/\/www.netzwerk-alma.de\/index.php\/wp-json\/wp\/v2\/pages\/524\/revisions"}],"predecessor-version":[{"id":537,"href":"https:\/\/www.netzwerk-alma.de\/index.php\/wp-json\/wp\/v2\/pages\/524\/revisions\/537"}],"wp:attachment":[{"href":"https:\/\/www.netzwerk-alma.de\/index.php\/wp-json\/wp\/v2\/media?parent=524"}],"curies":[{"name":"wp","href":"https:\/\/api.w.org\/{rel}","templated":true}]}}