{"id":557,"date":"2026-01-07T10:55:11","date_gmt":"2026-01-07T09:55:11","guid":{"rendered":"https:\/\/www.netzwerk-alma.de\/?page_id=557"},"modified":"2026-04-24T14:46:28","modified_gmt":"2026-04-24T12:46:28","slug":"die-sozialgenossenschaft","status":"publish","type":"page","link":"https:\/\/www.netzwerk-alma.de\/index.php\/die-sozialgenossenschaft\/","title":{"rendered":"ALA\/Teilhabe am Arbeitsleben"},"content":{"rendered":"\n<div style=\"height:30px\" aria-hidden=\"true\" class=\"wp-block-spacer\"><\/div>\n\n\n\n<h2 class=\"wp-block-heading\" id=\"die-sozialgenossenschaft\">ALA\/Teilhabe am Arbeitsleben<\/h2>\n\n\n\n<div style=\"height:20px\" aria-hidden=\"true\" class=\"wp-block-spacer\"><\/div>\n\n\n\n<figure class=\"wp-block-image alignwide size-large has-custom-border is-style-default\"><img loading=\"lazy\" decoding=\"async\" width=\"1024\" height=\"576\" src=\"https:\/\/www.netzwerk-alma.de\/wp-content\/uploads\/2026\/04\/alma_organigram-2-1024x576.png\" alt=\"\" class=\"wp-image-756\" style=\"border-style:none;border-width:0px;border-top-left-radius:10px;border-top-right-radius:10px;border-bottom-left-radius:10px;border-bottom-right-radius:10px\" srcset=\"https:\/\/www.netzwerk-alma.de\/wp-content\/uploads\/2026\/04\/alma_organigram-2-1024x576.png 1024w, https:\/\/www.netzwerk-alma.de\/wp-content\/uploads\/2026\/04\/alma_organigram-2-300x169.png 300w, https:\/\/www.netzwerk-alma.de\/wp-content\/uploads\/2026\/04\/alma_organigram-2-768x432.png 768w, https:\/\/www.netzwerk-alma.de\/wp-content\/uploads\/2026\/04\/alma_organigram-2-1536x864.png 1536w, https:\/\/www.netzwerk-alma.de\/wp-content\/uploads\/2026\/04\/alma_organigram-2-2048x1152.png 2048w\" sizes=\"auto, (max-width: 1024px) 100vw, 1024px\" \/><\/figure>\n\n\n\n<div style=\"height:20px\" aria-hidden=\"true\" class=\"wp-block-spacer\"><\/div>\n\n\n\n<h4 class=\"wp-block-heading\">Die Idee<\/h4>\n\n\n\n<p>Wir wollen Inklusion auf landwirtschaftlichen Betrieben als Erfolgsmodell f\u00fcr alle Seiten gestalten. Denn die Zusammenarbeit von Menschen mit und ohne Behinderung auf H\u00f6fen kann eine echte win-win Situation bieten &#8211; wenn sie angemessen begleitet wird und die Rahmenbedingungen stimmen.<\/p>\n\n\n\n<p>Viele Teams in der Landwirtschaft bringen die Offenheit mit, sich auf inklusive Zusammenarbeit einzulassen. Das ist die zentrale Voraussetzung, damit Inklusion gelingen kann! &nbsp;Als Anderer Leistungsanbieter alma eG wollen wir diese betrieblichen Teams begleiten und unterst\u00fctzen: Indem wir organisieren, dass sie gen\u00fcgend <strong>Zeit<\/strong> f\u00fcr die Begleitung haben und n\u00f6tige <strong>Know-How.<\/strong><\/p>\n\n\n\n<p>Unsere Visionen sind<\/p>\n\n\n\n<ul class=\"wp-block-list\">\n<li>inklusive Teams&#8230;<\/li>\n\n\n\n<li>vor Ort in betrieblicher Realit\u00e4t<\/li>\n\n\n\n<li>in denen jede*r&nbsp; beitr\u00e4gt, was sie oder er kann:<\/li>\n<\/ul>\n\n\n\n<p>So treten Kategorien wie \u201eBehinderung\u201c in den Hintergrund, denn es geht nicht um \u201e<em>betreut werden\u201c<\/em> und \u201e<em>betreuen\u201c<\/em>, sondern um die Aufgaben, die gemeinsam bew\u00e4ltigt werden.<\/p>\n\n\n\n<p>Darin \u00fcbernehmen die H\u00f6fe und die Teams vor Ort wichtige Aufgaben, f\u00fcr die sie geschult und f\u00fcr ihren Aufwand auch verg\u00fctet werden.<\/p>\n\n\n\n<div style=\"height:40px\" aria-hidden=\"true\" class=\"wp-block-spacer\"><\/div>\n\n\n\n<h4 class=\"wp-block-heading\">Einblicke und Impressionen<\/h4>\n\n\n\n<div class=\"wp-block-query is-layout-flow wp-block-query-is-layout-flow\">\n<div class=\"wp-block-group is-layout-flow wp-block-group-is-layout-flow\" style=\"margin-top:0;margin-bottom:0;padding-top:var(--wp--preset--spacing--10);padding-right:0;padding-bottom:var(--wp--preset--spacing--10);padding-left:0\"><ul style=\"border-color:#ffffff;border-top-left-radius:36px;border-top-right-radius:36px;border-bottom-left-radius:36px;border-bottom-right-radius:36px;border-width:36px;\" class=\"columns-3 alignfull wp-block-post-template has-background has-base-2-background-color has-border-color is-layout-grid wp-container-core-post-template-is-layout-4142fc9f wp-block-post-template-is-layout-grid\"><li class=\"wp-block-post post-630 post type-post status-publish format-standard has-post-thumbnail hentry category-ackerredaktion category-aktuelles\">\n<figure style=\"aspect-ratio:3\/4; padding-bottom:var(--wp--preset--spacing--20);margin-bottom:0;\" class=\"wp-block-post-featured-image\"><a href=\"https:\/\/www.netzwerk-alma.de\/index.php\/2026\/04\/09\/ackerredaktion-falk-stellt-sich-vor\/\" target=\"_self\"  ><img loading=\"lazy\" decoding=\"async\" width=\"1179\" height=\"1465\" src=\"https:\/\/www.netzwerk-alma.de\/wp-content\/uploads\/2026\/04\/IMG_9698.jpg\" class=\"attachment-post-thumbnail size-post-thumbnail wp-post-image\" alt=\"Ackerredaktion: Falk stellt sich vor\" style=\"width:100%;height:100%;object-fit:cover;\" srcset=\"https:\/\/www.netzwerk-alma.de\/wp-content\/uploads\/2026\/04\/IMG_9698.jpg 1179w, https:\/\/www.netzwerk-alma.de\/wp-content\/uploads\/2026\/04\/IMG_9698-241x300.jpg 241w, https:\/\/www.netzwerk-alma.de\/wp-content\/uploads\/2026\/04\/IMG_9698-824x1024.jpg 824w, https:\/\/www.netzwerk-alma.de\/wp-content\/uploads\/2026\/04\/IMG_9698-768x954.jpg 768w\" sizes=\"auto, (max-width: 1179px) 100vw, 1179px\" \/><\/a><\/figure>\n\n\n<div class=\"wp-block-group is-vertical is-nowrap is-layout-flex wp-container-core-group-is-layout-97ba36a5 wp-block-group-is-layout-flex\" style=\"margin-top:var(--wp--preset--spacing--20);padding-top:0\"><h2 class=\"wp-block-post-title has-large-font-size wp-container-content-32e3a40d\"><a href=\"https:\/\/www.netzwerk-alma.de\/index.php\/2026\/04\/09\/ackerredaktion-falk-stellt-sich-vor\/\" target=\"_self\" >Ackerredaktion: Falk stellt sich vor<\/a><\/h2>\n\n<div class=\"wp-block-template-part\">\n<div class=\"wp-block-group has-global-padding is-content-justification-left is-layout-constrained wp-container-core-group-is-layout-12dd3699 wp-block-group-is-layout-constrained\">\n<div class=\"wp-block-group is-content-justification-left is-layout-flex wp-container-core-group-is-layout-dfe8e91f wp-block-group-is-layout-flex\"><div class=\"wp-block-post-date\"><time datetime=\"2026-04-09T18:18:19+02:00\"><a href=\"https:\/\/www.netzwerk-alma.de\/index.php\/2026\/04\/09\/ackerredaktion-falk-stellt-sich-vor\/\">Apr. 9, 2026<\/a><\/time><\/div>\n\n\n<p class=\"has-contrast-2-color has-text-color\">\u2014<\/p>\n\n\n<div class=\"taxonomy-category wp-block-post-terms\"><span class=\"wp-block-post-terms__prefix\">in <\/span><a href=\"https:\/\/www.netzwerk-alma.de\/index.php\/category\/ackerredaktion\/\" rel=\"tag\">Ackerredaktion<\/a><span class=\"wp-block-post-terms__separator\">, <\/span><a href=\"https:\/\/www.netzwerk-alma.de\/index.php\/category\/aktuelles\/\" rel=\"tag\">Aktuelles<\/a><\/div><\/div>\n<\/div>\n<\/div>\n\n<div class=\"wp-block-post-excerpt has-text-color has-contrast-2-color has-small-font-size wp-container-content-32e3a40d\"><p class=\"wp-block-post-excerpt__excerpt\">Frisch vom Acker direkt in deinen Feed:Unsere Ackerredaktion &#8211; mit Falk, unserem Ackerreporter vor Ort. Zwischen Erde, Ernte und echter Leidenschaft nimmt Falk euch mit aufs Feld. Bleibt dran f\u00fcr frische Updates vom Acker, vom Hof und allem, was gerade w\u00e4chst! <\/p><\/div>\n\n\n<div style=\"height:0px\" aria-hidden=\"true\" class=\"wp-block-spacer wp-container-content-32e3a40d\"><\/div>\n<\/div>\n\n<\/li><\/ul>\n\n\n<div style=\"margin-top:0;margin-bottom:0;height:37px\" aria-hidden=\"true\" class=\"wp-block-spacer\"><\/div>\n\n\n<\/div>\n<\/div>\n\n\n\n<div style=\"height:40px\" aria-hidden=\"true\" class=\"wp-block-spacer\"><\/div>\n\n\n\n<figure class=\"wp-block-image alignwide size-large\"><img loading=\"lazy\" decoding=\"async\" width=\"2560\" height=\"1439\" src=\"https:\/\/www.netzwerk-alma.de\/wp-content\/uploads\/2026\/04\/E80A7926-edited-scaled.jpg\" alt=\"\" class=\"wp-image-650\" srcset=\"https:\/\/www.netzwerk-alma.de\/wp-content\/uploads\/2026\/04\/E80A7926-edited-scaled.jpg 2560w, https:\/\/www.netzwerk-alma.de\/wp-content\/uploads\/2026\/04\/E80A7926-edited-300x169.jpg 300w, https:\/\/www.netzwerk-alma.de\/wp-content\/uploads\/2026\/04\/E80A7926-edited-1024x576.jpg 1024w, https:\/\/www.netzwerk-alma.de\/wp-content\/uploads\/2026\/04\/E80A7926-edited-768x432.jpg 768w, https:\/\/www.netzwerk-alma.de\/wp-content\/uploads\/2026\/04\/E80A7926-edited-1536x864.jpg 1536w, https:\/\/www.netzwerk-alma.de\/wp-content\/uploads\/2026\/04\/E80A7926-edited-2048x1152.jpg 2048w\" sizes=\"auto, (max-width: 2560px) 100vw, 2560px\" \/><\/figure>\n\n\n\n<div style=\"height:25px\" aria-hidden=\"true\" class=\"wp-block-spacer\"><\/div>\n\n\n\n<h4 class=\"wp-block-heading\">Wie geht das?<\/h4>\n\n\n\n<p>Um derartige \u201eLeistungen zur Teilhabe am Arbeitsleben\u201c anbieten und verg\u00fcten zu k\u00f6nnen, haben sich H\u00f6fe zu einer Genossenschaft zusammengeschlossen, die gegen\u00fcber der Eingliederungshilfe und anderen Kostentr\u00e4gern als \u201eAnderer Leistungsanbieter\u201c die Angebote verantwortet, koordiniert und begleitet.<\/p>\n\n\n\n<p>Zusammen bilden sie eine Sozialgenossenschaft,<\/p>\n\n\n\n<ul class=\"wp-block-list\">\n<li>die qualitativ hochwertige Teilhabeangebote auf landwirtschaftlichen Betrieben und H\u00f6fen in Niedersachsen, Hessen und Schleswig Holstein erschlie\u00dft und fachlich begleitet. Kernelement dieser Struktur bildet eine Aufgabenverteilung zwischen Genossenschaft und Mitgliedsbetrieb anhand einer verbindlichen Kooperationsvereinbarung.<\/li>\n\n\n\n<li>die den Menschen in den Mittelpunkt stellt und dem Gemeinwohl dient.<\/li>\n\n\n\n<li>Vertragspartnerin f\u00fcr besch\u00e4ftigte Menschen mit Behinderung und den Kostentr\u00e4ger ist.<\/li>\n\n\n\n<li>Menschen in den Teams f\u00fcr Aufgaben in der Begleitung, Anleitung und Betreuung schult und qualifiziert<\/li>\n\n\n\n<li>Auftraggeberin bzw. Arbeitgeberin f\u00fcr Betreuungsdienstleistungen ist.<\/li>\n<\/ul>\n\n\n\n<p>Jeder Mensch und jeder Hof ist individuell und braucht eigene L\u00f6sungen. Deswegen schauen wir mit jedem Mitgliedsbetrieb auch individuell: Was braucht dieses (inklusive) Team auf dem Hof um miteinander gut arbeiten zu k\u00f6nnen?<\/p>\n\n\n\n<div style=\"height:50px\" aria-hidden=\"true\" class=\"wp-block-spacer\"><\/div>\n\n\n\n<h4 class=\"wp-block-heading\">Sie wollen in der Landwirtschaft arbeiten?<\/h4>\n\n\n\n<p>Wir k\u00f6nnen wir einen Platz f\u00fcr berufliche Bildung oder einen Arbeitsplatz auf einem Hof mit Ihnen suchen. Sie k\u00f6nnen mit uns einen Besch\u00e4ftigungsvertrag schlie\u00dfen, wenn sie eine Bescheinigung \u00fcber eine \u201edauerhaft volle Erwerbsminderung\u201c haben. Wenn Sie die Bescheinigung nicht haben, beraten wir sie auch gerne zu anderen M\u00f6glichkeiten. Sprechen Sie uns gerne an. Wir schauen mit Ihnen zusammen, ob es einen Hof bei Ihnen in der N\u00e4he gibt. &nbsp;Wir k\u00f6nnen Sie und den Hof beraten, wie Sie gut zusammenarbeiten k\u00f6nnen. <\/p>\n\n\n\n<div class=\"wp-block-buttons is-layout-flex wp-block-buttons-is-layout-flex\">\n<div class=\"wp-block-button\"><a class=\"wp-block-button__link wp-element-button\" href=\"https:\/\/www.netzwerk-alma.de\/wp-content\/uploads\/2025\/05\/Flyer_Wichtige_Fragen_zum_Einstieg.pdf\" target=\"_blank\" rel=\"noreferrer noopener\"><strong>Hier finden Sie einige Informationen<\/strong><\/a><\/div>\n\n\n\n<div class=\"wp-block-button\"><a class=\"wp-block-button__link wp-element-button\" href=\"https:\/\/www.netzwerk-alma.de\/index.php\/kontakt\/\" target=\"_blank\" rel=\"noreferrer noopener\">Melden Sie sich gerne bei uns, wenn Sie mehr erfahren wollen!<\/a><\/div>\n<\/div>\n\n\n\n<div style=\"height:38px\" aria-hidden=\"true\" class=\"wp-block-spacer\"><\/div>\n\n\n\n<h4 class=\"wp-block-heading\">Sie k\u00f6nnen Arbeitspl\u00e4tze auf Ihrem Hof anbieten?<\/h4>\n\n\n\n<p>Wir freuen uns \u00fcber Hof-Teams, die gerne mit Menschen mit Behinderung zusammenarbeiten wollen. Mehr Menschen am Hof bedeuten mehr helfende H\u00e4nde und mehr miteinander. Eine Zusammenarbeit kann in vielerlei Hinsicht Vorteile f\u00fcr den Hof bieten:<\/p>\n\n\n\n<ul class=\"wp-block-list\">\n<li>Fachkr\u00e4fteentlastung<\/li>\n\n\n\n<li>Attraktive(re) Arbeitspl\u00e4tze, Fachkr\u00e4ftemotivation<\/li>\n\n\n\n<li>Ernteunabh\u00e4ngiges Nebeneinkommen \u00fcber soziale Dienstleistungen<\/li>\n\n\n\n<li>Imagegewinn auch als Vermarktungschance<\/li>\n\n\n\n<li>Zugang zu anderen Kund*innengruppen<\/li>\n<\/ul>\n\n\n\n<p>Als anderer Leistungsanbieter k\u00f6nnen wir Ihnen viele formale Schritte abnehmen und wollen in einer Partnerschaft auf Augenh\u00f6he mit Ihnen kooperieren.  Verantwortung, Aufgaben und Verg\u00fctung werden dabei fair miteinander geregelt. <\/p>\n\n\n\n<div class=\"wp-block-buttons is-layout-flex wp-block-buttons-is-layout-flex\">\n<div class=\"wp-block-button\"><a class=\"wp-block-button__link wp-element-button\">Hier finden Sie einige Informationen<\/a><\/div>\n\n\n\n<div class=\"wp-block-button\"><a class=\"wp-block-button__link wp-element-button\" href=\"https:\/\/www.netzwerk-alma.de\/index.php\/kontakt\/\" target=\"_blank\" rel=\"noreferrer noopener\">Melden Sie sich gerne bei uns, wenn Sie mehr erfahren wollen!<\/a><\/div>\n<\/div>\n\n\n\n<div style=\"height:50px\" aria-hidden=\"true\" class=\"wp-block-spacer\"><\/div>\n\n\n\n<div class=\"wp-block-columns is-layout-flex wp-container-core-columns-is-layout-28f84493 wp-block-columns-is-layout-flex\">\n<div class=\"wp-block-column is-layout-flow wp-block-column-is-layout-flow\" style=\"flex-basis:33.33%\">\n<figure class=\"wp-block-image size-large\"><img loading=\"lazy\" decoding=\"async\" width=\"768\" height=\"1024\" src=\"https:\/\/www.netzwerk-alma.de\/wp-content\/uploads\/2026\/04\/IMG_3512-1-768x1024.jpg\" alt=\"\" class=\"wp-image-719\" srcset=\"https:\/\/www.netzwerk-alma.de\/wp-content\/uploads\/2026\/04\/IMG_3512-1-768x1024.jpg 768w, https:\/\/www.netzwerk-alma.de\/wp-content\/uploads\/2026\/04\/IMG_3512-1-225x300.jpg 225w, https:\/\/www.netzwerk-alma.de\/wp-content\/uploads\/2026\/04\/IMG_3512-1-1152x1536.jpg 1152w, https:\/\/www.netzwerk-alma.de\/wp-content\/uploads\/2026\/04\/IMG_3512-1-1536x2048.jpg 1536w, https:\/\/www.netzwerk-alma.de\/wp-content\/uploads\/2026\/04\/IMG_3512-1-scaled.jpg 1920w\" sizes=\"auto, (max-width: 768px) 100vw, 768px\" \/><\/figure>\n<\/div>\n\n\n\n<div class=\"wp-block-column is-layout-flow wp-block-column-is-layout-flow\" style=\"flex-basis:66.66%\">\n<h4 class=\"wp-block-heading\">Die Ziele<\/h4>\n\n\n\n<p>Das Anliegen unserer Arbeit ist es, einen Beitrag zu leisten f\u00fcr einige Herausforderungen und Aufgaben, in oder vor denen wir unsere Gesellschaft sehen, z.B.:<\/p>\n\n\n\n<ul class=\"wp-block-list\">\n<li>t\u00e4gliche Teilhabe im direkten sozialen Umfeld als ein wichtiges Element f\u00fcr Inklusion zu realisieren<\/li>\n\n\n\n<li>landwirtschaftliche Betriebe in ihrer Leistung f\u00fcr gesellschaftlich wichtige (Mehr)Werte wie Bildung, soziales Engagement, Landschaftspflege, etc wert zu sch\u00e4tzen<\/li>\n\n\n\n<li>dass Menschen mit und ohne Behinderung gemeinsam einer sinnvollen und sinnerf\u00fcllenden T\u00e4tigkeit nachgehen<\/li>\n\n\n\n<li>lebendige Entwicklungsperspektiven im l\u00e4ndlichen Raum und in der Landwirtschaft<\/li>\n\n\n\n<li>das rechtlich verbriefte Wunsch- und Wahlrecht im BTHG geltend zu machen und umzusetzen<\/li>\n\n\n\n<li>eine Begegnung auf Augenh\u00f6he durch ein Miteinanderarbeiten und Aneinanderlernen zu erm\u00f6glichen<\/li>\n\n\n\n<li>f\u00fcr ein gesellschaftliches Leben, bei dem der Mensch im Mittelpunkt steht, wo es um<br>W\u00fcrde und Vertrauen, um Freiheit, Solidarit\u00e4t und Sinnhaftigkeit geht<\/li>\n\n\n\n<li>f\u00fcr die F\u00f6rderung von individueller Entwicklung, der Entwicklung von allen Menschen auf und um den Hof, Beziehung zu leben unter Beachtung von N\u00e4he und Distanz<\/li>\n\n\n\n<li>Menschen mit und ohne Behinderung zu motivieren und zu unterst\u00fctzen, um eigene<br>W\u00fcnsche und individuelle Ziele zu formulieren<\/li>\n<\/ul>\n\n\n\n<p>Wir wollen auf und mit unseren Einsatzstellen Pl\u00e4tze gestalten und ein Miteinander leben, wo Neues versucht wird, wo Interessantes entsteht, wo mit viel Einsatz gearbeitet wird und aufrichtig, ehrlich und ohne Vorurteile miteinander umgegangen wird.<\/p>\n<\/div>\n<\/div>\n\n\n\n<p><strong>Das ist uns wichtig<\/strong><\/p>\n\n\n\n<ul class=\"wp-block-list\">\n<li>Qualit\u00e4tssicherung: Hochwertige, inklusive, betrieblich gepr\u00e4gte Teilhabeangebote mit fachlicher Begleitung auch und insbesondere im l\u00e4ndlichen Raum<\/li>\n\n\n\n<li>Planungssicherheit und Nachhaltigkeit: Verbindliche und rechtssichere L\u00f6sung f\u00fcr Kooperation<\/li>\n\n\n\n<li>Diversifizierungschance: Angemessene Verg\u00fctung f\u00fcr Arbeitspakete, die durch Betriebe oder auch Dritte erbracht werden<\/li>\n\n\n\n<li>Verf\u00fcgbarkeit im auch im strukturschwachen l\u00e4ndlichen Raum: Kooperationsm\u00f6glichkeit landesweit f\u00fcr alle Interessierten\/ interessierten Betriebe\/Hofstellen &amp; Durchl\u00e4ssigkeit auch f\u00fcr andere Formen (z.B. Budget f\u00fcr Arbeit) und \u00dcberg\u00e4nge bieten<\/li>\n<\/ul>\n\n\n\n<p>Unsere Vision ist eine inklusive Welt mit einer bunten Vielfalt, in der Menschen in ihrer Ganzheit akzeptiert und wertgesch\u00e4tzt werden, gleichberechtigt an sozialen Prozessen mitwirken und solidarisch zusammenarbeiten.<\/p>\n\n\n\n<div style=\"height:50px\" aria-hidden=\"true\" class=\"wp-block-spacer\"><\/div>\n\n\n\n<h4 class=\"wp-block-heading\">Material<\/h4>\n\n\n\n<div class=\"wp-block-columns is-layout-flex wp-container-core-columns-is-layout-28f84493 wp-block-columns-is-layout-flex\">\n<div class=\"wp-block-column is-layout-flow wp-block-column-is-layout-flow\">\n<div data-wp-interactive=\"core\/file\" class=\"wp-block-file\"><object data-wp-bind--hidden=\"!state.hasPdfPreview\" hidden class=\"wp-block-file__embed\" data=\"https:\/\/www.netzwerk-alma.de\/wp-content\/uploads\/2025\/05\/alma_eG-Satzung_210111.pdf\" type=\"application\/pdf\" style=\"width:100%;height:410px\" aria-label=\"Einbettung von Satzung der Genossenschaft.\"><\/object><a id=\"wp-block-file--media-b22f14a4-a1cf-4026-b2df-480ed5e0e9b7\" href=\"https:\/\/www.netzwerk-alma.de\/wp-content\/uploads\/2025\/05\/alma_eG-Satzung_210111.pdf\" target=\"_blank\" rel=\"noreferrer noopener\">Satzung der Genossenschaft<\/a><a href=\"https:\/\/www.netzwerk-alma.de\/wp-content\/uploads\/2025\/05\/alma_eG-Satzung_210111.pdf\" class=\"wp-block-file__button wp-element-button\" download aria-describedby=\"wp-block-file--media-b22f14a4-a1cf-4026-b2df-480ed5e0e9b7\">Herunterladen<\/a><\/div>\n<\/div>\n\n\n\n<div class=\"wp-block-column is-layout-flow wp-block-column-is-layout-flow\">\n<div data-wp-interactive=\"core\/file\" class=\"wp-block-file\"><object data-wp-bind--hidden=\"!state.hasPdfPreview\" hidden class=\"wp-block-file__embed\" data=\"https:\/\/www.netzwerk-alma.de\/wp-content\/uploads\/2026\/04\/Flyer_alma_fuer_interessierte-Beschaeftigte.pdf\" type=\"application\/pdf\" style=\"width:100%;height:410px\" aria-label=\"Einbettung von Flyer_alma_fuer_interessierte Beschaeftigte.\"><\/object><a id=\"wp-block-file--media-1dc974b8-61a5-4d3d-99fc-ce7d035a946d\" href=\"https:\/\/www.netzwerk-alma.de\/wp-content\/uploads\/2026\/04\/Flyer_alma_fuer_interessierte-Beschaeftigte.pdf\" target=\"_blank\" rel=\"noreferrer noopener\">Flyer_alma_fuer_interessierte Beschaeftigte<\/a><a href=\"https:\/\/www.netzwerk-alma.de\/wp-content\/uploads\/2026\/04\/Flyer_alma_fuer_interessierte-Beschaeftigte.pdf\" class=\"wp-block-file__button wp-element-button\" download aria-describedby=\"wp-block-file--media-1dc974b8-61a5-4d3d-99fc-ce7d035a946d\">Herunterladen<\/a><\/div>\n<\/div>\n<\/div>\n\n\n\n<div style=\"height:40px\" aria-hidden=\"true\" class=\"wp-block-spacer\"><\/div>\n\n\n\n<h4 class=\"wp-block-heading\">Impressum<\/h4>\n\n\n\n<p class=\"has-medium-font-size\">Sozialgenossenschaft alma eG<br>Artilleriestra\u00dfe 6, 27283 Verden<br>info@netzwerk-alma.de<br><br>Der Vorstand wird vertreten durch Detlef Vollheyde und Rebecca Kleinheitz<br>Umsatzsteuer-Identifikationsnummer: 48\/210\/0<\/p>\n","protected":false},"excerpt":{"rendered":"<p>ALA\/Teilhabe am Arbeitsleben Die Idee Wir wollen Inklusion auf landwirtschaftlichen Betrieben als Erfolgsmodell f\u00fcr alle Seiten gestalten. Denn die Zusammenarbeit von Menschen mit und ohne Behinderung auf H\u00f6fen kann eine echte win-win Situation bieten &#8211; wenn sie angemessen begleitet wird und die Rahmenbedingungen stimmen. Viele Teams in der Landwirtschaft bringen die Offenheit mit, sich auf [&hellip;]<\/p>\n","protected":false},"author":1,"featured_media":0,"parent":0,"menu_order":0,"comment_status":"closed","ping_status":"closed","template":"","meta":{"footnotes":""},"class_list":["post-557","page","type-page","status-publish","hentry"],"_links":{"self":[{"href":"https:\/\/www.netzwerk-alma.de\/index.php\/wp-json\/wp\/v2\/pages\/557","targetHints":{"allow":["GET"]}}],"collection":[{"href":"https:\/\/www.netzwerk-alma.de\/index.php\/wp-json\/wp\/v2\/pages"}],"about":[{"href":"https:\/\/www.netzwerk-alma.de\/index.php\/wp-json\/wp\/v2\/types\/page"}],"author":[{"embeddable":true,"href":"https:\/\/www.netzwerk-alma.de\/index.php\/wp-json\/wp\/v2\/users\/1"}],"replies":[{"embeddable":true,"href":"https:\/\/www.netzwerk-alma.de\/index.php\/wp-json\/wp\/v2\/comments?post=557"}],"version-history":[{"count":39,"href":"https:\/\/www.netzwerk-alma.de\/index.php\/wp-json\/wp\/v2\/pages\/557\/revisions"}],"predecessor-version":[{"id":763,"href":"https:\/\/www.netzwerk-alma.de\/index.php\/wp-json\/wp\/v2\/pages\/557\/revisions\/763"}],"wp:attachment":[{"href":"https:\/\/www.netzwerk-alma.de\/index.php\/wp-json\/wp\/v2\/media?parent=557"}],"curies":[{"name":"wp","href":"https:\/\/api.w.org\/{rel}","templated":true}]}}