{"id":99,"date":"2025-05-18T12:12:45","date_gmt":"2025-05-18T10:12:45","guid":{"rendered":"https:\/\/www.netzwerk-alma.de\/?page_id=99"},"modified":"2025-08-19T16:48:09","modified_gmt":"2025-08-19T14:48:09","slug":"angebote","status":"publish","type":"page","link":"https:\/\/www.netzwerk-alma.de\/index.php\/angebote\/","title":{"rendered":"Angebote"},"content":{"rendered":"\n<div style=\"height:25px\" aria-hidden=\"true\" class=\"wp-block-spacer\"><\/div>\n\n\n\n<h2 class=\"wp-block-heading\" id=\"beratung\">Beratung und Begleitung<\/h2>\n\n\n\n<p>Einen wesentlichen Teil unserer Arbeit stellt das Informieren aller Interessierten dar. Kommen Sie gerne mit Ihren W\u00fcnschen und Ideen auf uns zu!<\/p>\n\n\n\n<div style=\"height:25px\" aria-hidden=\"true\" class=\"wp-block-spacer\"><\/div>\n\n\n\n<figure class=\"wp-block-image size-full is-resized\"><img loading=\"lazy\" decoding=\"async\" width=\"700\" height=\"553\" src=\"https:\/\/www.netzwerk-alma.de\/wp-content\/uploads\/2025\/08\/alma_grafik2.png\" alt=\"\" class=\"wp-image-447\" style=\"width:602px;height:auto\" srcset=\"https:\/\/www.netzwerk-alma.de\/wp-content\/uploads\/2025\/08\/alma_grafik2.png 700w, https:\/\/www.netzwerk-alma.de\/wp-content\/uploads\/2025\/08\/alma_grafik2-300x237.png 300w\" sizes=\"auto, (max-width: 700px) 100vw, 700px\" \/><\/figure>\n\n\n\n<h2 class=\"wp-block-heading\" id=\"arbeiten-in-der-landwirtschaft\">Arbeiten in der Landwirtschaft<\/h2>\n\n\n\n<p>Mit der Zulassung von \u201e<a href=\"https:\/\/www.netzwerk-alma.de\/index.php\/inklusionschancen-im-laendlichen-raum-landwirtinnen-als-anbieterinnen\/\" data-type=\"page\" data-id=\"227\">anderen Anbietern<\/a>\u201c ergeben sich neue Chancen attraktive, solide finanzierte Teilhabeangebote auf landwirtschaftlichen Betrieben zu er\u00f6ffnen oder auszubauen. Um das f\u00fcr beide Seiten in guter Qualit\u00e4t zu erschlie\u00dfen braucht es einerseits regionale Partnerschaften, andererseits ein Gesamtkonzept f\u00fcr Qualit\u00e4tskriterien und \u00d6ffentlichkeitsarbeit. Diese zu entwickeln sowie regionale Netzwerke anzusto\u00dfen und zu begleiten sind Projektbereiche beim Netzwerk alma: arbeitsfeld landwirtschaft mit allen \u2013 f\u00fcr Menschen mit und ohne Behinderung.<\/p>\n\n\n\n<p>Mehr Infos hier: <a href=\"https:\/\/www.netzwerk-alma.de\/index.php\/inklusionschancen-im-laendlichen-raum-landwirtinnen-als-anbieterinnen\/\" data-type=\"page\" data-id=\"227\">Inklusionschancen im l\u00e4ndlichen Raum \u2013 Landwirt*innen als Anbieter*innen<\/a><\/p>\n\n\n\n<div style=\"height:25px\" aria-hidden=\"true\" class=\"wp-block-spacer\"><\/div>\n\n\n\n<h2 class=\"wp-block-heading\" id=\"ausbildung\">(Aus)Bildung in der Landwirtschaft<\/h2>\n\n\n\n<p>alma entwickelt landwirtschaftliche Qualifizierungsbausteine f\u00fcr Menschen mit Behinderung, Weiterbildungen rund um soziale Landwirtschaft und unterst\u00fctzt Gr\u00fcne Werkst\u00e4tten mit Impulsen.<\/p>\n\n\n\n<h4 class=\"wp-block-heading\">Verbund beruflicher Qualifizierung<\/h4>\n\n\n\n<p>Im Rahmen des Modellvorhabens des BMELV haben wir mit dem Netzwerk alma an einem der Modellstandorte, dem Antoniushof in Fulda gemeinsam ein Modell zur beruflichen Qualifizierung entwickelt. Basierend auf anerkannten Qualifizierungsbausteinen liefert es Antworten auf die vielf\u00e4ltigen Anforderungen von Agenturen, BBiG, DQR und Fachkonzepten und wird mittlerweile von mehreren Werkst\u00e4tten bereits erfolgreich angewendet.<\/p>\n\n\n\n<p>Der Verbund macht nun dieses Know-how allen interessierten gr\u00fcnen Werkst\u00e4tten zug\u00e4nglich. Neben dem Zugriff auf einen gemeinsamen Pool an Qualifizierungsbausteinen bietet der Verbund M\u00f6glichkeit zum Erfahrungsaustausch und ein gro\u00dfes Plus in der Darstellung nach au\u00dfen: Mit der verbindlichen Einhaltung anerkannter Standards wird das Qualit\u00e4tsprofil beruflicher Bildung in gr\u00fcnen Verbund-Werkst\u00e4tten auch gegen\u00fcber Kostentr\u00e4gern, zust\u00e4ndigen Stellen und Interessierten abgebildet.<\/p>\n\n\n\n<p><strong>Qualit\u00e4tskriterien f\u00fcr die Umsetzung der Qualifizierungsbausteine<\/strong><\/p>\n\n\n\n<p>Die Verbundmitglieder verpflichten sich, die Kriterien einzuhalten, um eine h\u00f6chstm\u00f6gliche Transparenz der Qualifizierung f\u00fcr die Menschen mit Behinderung, die Werkst\u00e4tten und f\u00fcr Arbeitgeber zu gew\u00e4hrleisten.<\/p>\n\n\n\n<p><strong>Der Kriterienkatalog enth\u00e4lt Anforderungen an<\/strong><\/p>\n\n\n\n<ul class=\"wp-block-list\">\n<li>Rahmen und Ausstattung<\/li>\n\n\n\n<li>Inhalte der Qualifizierung<\/li>\n\n\n\n<li>Angebote individueller Unterst\u00fctzung<\/li>\n\n\n\n<li>Arbeitsmarktorientierung<\/li>\n\n\n\n<li>Leistungsfeststellung und<\/li>\n\n\n\n<li>Kooperation im Verbund<\/li>\n<\/ul>\n\n\n\n<p>Der Nachweis \u00fcber die Einhaltung kann ohne zus\u00e4tzlichen Aufwand innerhalb des jeweils vorliegenden QM-Systems erfolgen. Auf Grundlage der hinterlegten Daten wird die Einhaltung \u00fcber stichprobenartige Audits bei den Verbundmitgliedern \u00fcberpr\u00fcft.<\/p>\n\n\n\n<p>In die Entwicklung der zugrundeliegenden Qualit\u00e4tsstandards waren nicht nur aktive Werkst\u00e4tten, sondern auch Vertreter der Landwirtschaftskammern, des BMELV, der BAG WfbM und des BiBB eingebunden. So wird die Anerkennung des Qualit\u00e4tszertifikats bei Fachverb\u00e4nden und zust\u00e4ndigen Stellen von Anfang an verankert.<\/p>\n\n\n\n<h4 class=\"wp-block-heading\">Zertifikatsprogramm \u201eSoziale Landwirtschaft\u201c<\/h4>\n\n\n\n<p>Im Rahmen des Projektes AdBEtablierung wurde an der Hochschule f\u00fcr nachhaltige Entwicklung Eberswalde (HNEE) ein Zertifikatsangebot \u201eSoziale Landwirtschaft\u201c entwickelt. Das Projekt wird im Rahmen des Wettbewerbs \u201eAufstieg durch Bildung: offene Hochschulen\u201c aus Mitteln des Bundesministeriums f\u00fcr Bildung und Forschung gef\u00f6rdert.<\/p>\n\n\n\n<p>Das Weiterbildungsangebot besteht aus den vier einzeln buchbaren Modulen:<\/p>\n\n\n\n<ul class=\"wp-block-list\">\n<li>Landwirtschaft f\u00fcr Quereinsteiger*innen<\/li>\n\n\n\n<li>Soziale Arbeit f\u00fcr Quereinsteiger*innen<\/li>\n\n\n\n<li>Basiswissen Soziale Landwirtschaft<\/li>\n\n\n\n<li>Meine Zukunft in der Sozialen Landwirtschaft<\/li>\n<\/ul>\n\n\n\n<p>Mehr Informationen auf dieser Website:<br><a href=\"http:\/\/www.weiterbildung-soziale-landwirtschaft.de\">http:\/\/www.weiterbildung-soziale-landwirtschaft.de<\/a><\/p>\n\n\n\n<p>F\u00fcr das Netzwerk alma war Rebecca Kleinheitz in der Entwicklung des Lehr- und Lernkonzepts der ersten beiden Module sowie in die Durchf\u00fchrung der Lehre eingebunden. Wir freuen uns, die weitere Entwicklung des Zertifikatsangebots au\u00dferdem \u00fcber einen Sitz im Praxisbeirat zu begleiten.<\/p>\n\n\n\n<div style=\"height:25px\" aria-hidden=\"true\" class=\"wp-block-spacer\"><\/div>\n\n\n\n<h2 class=\"wp-block-heading\" id=\"infos-f\u00fcr-betriebe\">Infos f\u00fcr Betriebe<\/h2>\n\n\n\n<figure class=\"wp-block-image size-full is-resized\"><img loading=\"lazy\" decoding=\"async\" width=\"768\" height=\"531\" src=\"https:\/\/www.netzwerk-alma.de\/wp-content\/uploads\/2025\/08\/alma_grafik3.png\" alt=\"\" class=\"wp-image-448\" style=\"width:495px;height:auto\" srcset=\"https:\/\/www.netzwerk-alma.de\/wp-content\/uploads\/2025\/08\/alma_grafik3.png 768w, https:\/\/www.netzwerk-alma.de\/wp-content\/uploads\/2025\/08\/alma_grafik3-300x207.png 300w\" sizes=\"auto, (max-width: 768px) 100vw, 768px\" \/><\/figure>\n\n\n\n<h4 class=\"wp-block-heading\">Beratung von landwirtschaftlichen Betrieben<\/h4>\n\n\n\n<p>Sie arbeiten im Themenfeld rund um die Landwirtschaft und haben Interesse daran, in Ihrem Betrieb Inklusion und ein buntes Miteinander zu leben? alma ber\u00e4t Sie gerne \u00fcber Ihre M\u00f6glichkeiten. Die folgenden Inhalte sollen Ihnen einen ersten Einblick in die Grundlagen und M\u00f6glichkeiten bieten, die es f\u00fcr landwirtschaftliche Betriebe gibt, die gerne gemeinsam mit Menschen mit Behinderung arbeiten wollen.<\/p>\n\n\n\n<p>Auf dieser Seite finden Sie einen Leitfaden, der Untersuchungen zum Thema \u201eBesch\u00e4ftigung von Menschen mit Behinderung in der Landwirtschaft\u201c pr\u00e4sentiert und die Vorstellung des engmaschig begleiteten Projekts, im Rahmen dessen landwirtschaftliche Betriebe erstmals als Anbieter sozialer Dienstleistung auftreten (und auf welchem unsere heutige Arbeit beruht).<\/p>\n\n\n\n<h4 class=\"wp-block-heading\">Die Landwirtschaft als Arbeitsfeld f\u00fcr Menschen mit Behinderung<\/h4>\n\n\n\n<p>Mit der bundesweiten Einf\u00fchrung des \u201eAnderen Leistungsanbieters\u201c schafft das Bundesteilhabegesetz (BTHG) individuelle M\u00f6glichkeiten zur Teilhabe am Arbeitsleben f\u00fcr Menschen mit Behinderung. Damit wurden Alternativen zur Werkstatt f\u00fcr Menschen mit Behinderung geschaffen und den Menschen mit Beeintr\u00e4chtigung ein Wahlrecht zwischen verschiedenen Leistungsangeboten bzw. Leistungserbringern einger\u00e4umt. Somit konnten erstmals die Weichen gestellt werden, Betreuungs- bzw. Inklusionsleistungen durch landwirtschaftliche Betriebe mit einer standardisierbaren Finanzierung anzubieten. Kurz gesagt: Durch ein neues Modell ist es landwirtschaftlichen Betrieben nun m\u00f6glich, Menschen mit Behinderungen zu besch\u00e4ftigen und auf dem eigenen Hof zu beherbergen, w\u00e4hrend die Kosten\u00fcbernahme von staatlicher Seite gangbar wird.<\/p>\n\n\n\n<h5 class=\"wp-block-heading\">Wissenstransfer: Teilhabe Landwirtschaft<\/h5>\n\n\n\n<p>Teilhabe Landwirtschaft ist ein EPLR Projekt der Hochschule Mittweida und befasst sich mit den M\u00f6glichkeiten der Besch\u00e4ftigung von Menschen mit Behinderung in landwirtschaftlichen Betrieben und richtet sich an alle, die sich f\u00fcr die Landwirtschaft als inklusiven Raum interessieren. Gerade die Landwirtschaft bietet auf Grund ihrer vielf\u00e4ltigen Arbeitsfelder ein breites Spektrum an Besch\u00e4ftigungsm\u00f6glichkeiten f\u00fcr Menschen mit Behinderung. Immer mehr gr\u00fcne Betriebe gehen daher den Weg, sich als Anbieter sozialer Dienstleistungen ein zus\u00e4tzliches Standbein aufzubauen und die M\u00f6glichkeit der Einkommensdiversifizierung zu nutzen. Den neu gewonnenen Arbeitskr\u00e4ften kann eine sinnstiftende und gewinnbringende T\u00e4tigkeit geboten werden die f\u00fcr alle Beteiligten eine Win-Win Situation darstellt.<\/p>\n\n\n\n<p>Aufbauend auf den Ergebnissen des Projekts \u201eInnoLawi\u201c werden s\u00e4chsische Landwirt*innen auf ihrem Weg geschult und begleitet, eine soziale Dienstleistung auf dem eigenen Betrieb umzusetzen. Rebecca Kleinheitz, Gesch\u00e4ftsf\u00fchrerin des Netzwerk alma und Stefanie Hecht, Projektkoordinatorin im \u201eF\u00d6J f\u00fcr ALLE!\u201c sind hier aktiv an der Umsetzung beteiligt.<\/p>\n\n\n\n<div class=\"wp-block-buttons is-layout-flex wp-block-buttons-is-layout-flex\">\n<div class=\"wp-block-button\"><a class=\"wp-block-button__link wp-element-button\" href=\"https:\/\/teilhabe-landwirtschaft.de\/\" target=\"_blank\" rel=\"noreferrer noopener\">Mehr Infos<\/a><\/div>\n<\/div>\n\n\n\n<h5 class=\"wp-block-heading\">Pilotprojekt InnoLawi: Landwirtschaftliche Unternehmen als Anbieter sozialer Dienstleistungen<\/h5>\n\n\n\n<p>Im Projekt \u201eInnoLawi\u201c werden Landwirtschaftsbetriebe unterschiedlicher Struktur und Aufstellung intensiv und mit hoher fachlicher Kompetenz durch die Hochschule Mittweida und \u00fcberregionale Partner darin begleitet, dieses neu erm\u00f6glichte inklusive Angebot f\u00fcr Menschen mit Behinderung umzusetzen. Damit kann ein sozialer Betriebszweig individuell auf die betriebliche Situation abgestimmt entwickelt werden, auf fachlich hohem Niveau angeboten und dauerhaft etabliert werden. Ein m\u00f6glichst breites Spektrum an verschiedenen Modellsituationen mit unterschiedlichen Betriebsstrukturen soll die Praxisrelevanz der Projektergebnisse erh\u00f6hen.<\/p>\n\n\n\n<p>Die Umsetzung erfolgt \u00fcber eine unmittelbare intensive Begleitung von 8 Modellbetrieben in verschiedenen Regionen Sachsens. Ziel ist der Aufbau eines tragf\u00e4higen Netzwerkes rund um das Thema \u201eAndere Leistungsanbieter\u201c, sinnstiftende Kooperationen zwischen den Betrieben und sozialen Einrichtungen und ein st\u00e4ndiger Austausch mit verschiedenen Praxispartner*innen, um themen\u00fcbergreifend zwei&nbsp;&nbsp;vielseitige Arbeitsfelder gewinnbringend miteinander zu verkn\u00fcpfen: die Landwirtschaft und die Soziale Arbeit. W\u00e4hrend der Projektlaufzeit werden Rahmenbedingungen, M\u00f6glichkeiten und Grenzen dieses Angebots erforscht und abschlie\u00dfend ausgewertet.<\/p>\n\n\n\n<p>Aufbauend auf den praktischen Erfahrungen und den Ergebnissen der wissenschaftlichen Begleitung durch einen Fachausschuss (Beirat), werden die Bedingungen f\u00fcr die Machbarkeit dieses Modells interdisziplin\u00e4r analysiert und abschlie\u00dfend in einem Leitfaden f\u00fcr Landwirtschaftsbetriebe abgebildet. Die Fakult\u00e4t Medien der Hochschule Mittweida wird begleitendes Filmmaterial zu Lehr- und Dokumentationszwecken erstellen. Angestrebt sind diese Ziele wie auch eine weiterf\u00fchrende Beratungsm\u00f6glichkeit zum Thema \u201eAndere Leistungsanbieter\u201c, um die Projektergebnisse nachhaltig nutzbar f\u00fcr alle Interessierten zu machen.<\/p>\n\n\n\n<p>Rebecca Kleinheitz, die Gesch\u00e4ftsf\u00fchrerin von alma, war unmittelbar an der Umsetzung des Projekts beteiligt. Das Projekt und die Erkenntnisse, die daraus gewonnen werden konnten, bieten eine informative Grundlage f\u00fcr unsere aktuellen Projekte.<\/p>\n\n\n\n<div class=\"wp-block-buttons is-layout-flex wp-block-buttons-is-layout-flex\">\n<div class=\"wp-block-button\"><a class=\"wp-block-button__link wp-element-button\" href=\"https:\/\/www.hs-mittweida.de\/webs\/innolawi\/?_ga=2.67895377.1783477453.1652087148-1870327917.1652087148\">Mehr zum Projekt<\/a><\/div>\n<\/div>\n\n\n\n<h5 class=\"wp-block-heading\"><br>Leitfaden \u201eZusammen schaffen wir was!\u201c- Besch\u00e4ftigung von Menschen mit Behinderung in der Landwirtschaft<\/h5>\n\n\n\n<p>Der Leitfaden informiert, welche M\u00f6glichkeiten es f\u00fcr Menschen mit Behinderung gibt, in der Landwirtschaft zu arbeiten, wo es finanzielle Unterst\u00fctzung gibt und was bei den Planungen und Vorbereitungen zur Einrichtung des Arbeitsplatzes beachtet werden sollte.<\/p>\n\n\n\n<p>Welche rechtlichen und organisatorischen M\u00f6glichkeiten es in Deutschland f\u00fcr eine Besch\u00e4ftigung in der Landwirtschaft geben kann, wurde am FiBL Deutschland e.V. ebenso sorgf\u00e4ltig recherchiert, so wie dieser Erfahrungen aus der Praxis zusammengetragen hat. Der Leitfaden gibt einen ausf\u00fchrlichen \u00dcberblick \u00fcber F\u00f6rderinstrumentarien, Unterst\u00fctzungsangebote und Kontaktadressen, anschaulich erg\u00e4nzt mit dreizehn exemplarischen Betriebsportr\u00e4ts.<\/p>\n\n\n\n<p>\u201eMotivieren und informieren\u201c soll die reich bebilderte Brosch\u00fcre, das w\u00fcnschen sich die Autoren Rebecca Kleinheitz (Gesch\u00e4ftsf\u00fchrerin von alma) und Robert Hermanowski (Vereinsvorstand) im Vorwort. Denn nur so k\u00f6nnen \u201edie Chancen wachsen, dass in Zukunft der Arbeitsmarkt Landwirtschaft verst\u00e4rkt Menschen mit Behinderung offen steht.\u201c<\/p>\n\n\n\n<div class=\"wp-block-buttons is-layout-flex wp-block-buttons-is-layout-flex\">\n<div class=\"wp-block-button\"><a class=\"wp-block-button__link wp-element-button\" href=\"https:\/\/www.fibl.org\/de\/shop\/1505-zusammen-schaffen-wir-was\" target=\"_blank\" rel=\"noreferrer noopener\">Leitfaden herunterladen<\/a><\/div>\n<\/div>\n\n\n\n<p><\/p>\n","protected":false},"excerpt":{"rendered":"<p>Beratung und Begleitung Einen wesentlichen Teil unserer Arbeit stellt das Informieren aller Interessierten dar. Kommen Sie gerne mit Ihren W\u00fcnschen und Ideen auf uns zu! Arbeiten in der Landwirtschaft Mit der Zulassung von \u201eanderen Anbietern\u201c ergeben sich neue Chancen attraktive, solide finanzierte Teilhabeangebote auf landwirtschaftlichen Betrieben zu er\u00f6ffnen oder auszubauen. Um das f\u00fcr beide Seiten [&hellip;]<\/p>\n","protected":false},"author":1,"featured_media":0,"parent":0,"menu_order":0,"comment_status":"closed","ping_status":"closed","template":"","meta":{"footnotes":""},"class_list":["post-99","page","type-page","status-publish","hentry"],"_links":{"self":[{"href":"https:\/\/www.netzwerk-alma.de\/index.php\/wp-json\/wp\/v2\/pages\/99","targetHints":{"allow":["GET"]}}],"collection":[{"href":"https:\/\/www.netzwerk-alma.de\/index.php\/wp-json\/wp\/v2\/pages"}],"about":[{"href":"https:\/\/www.netzwerk-alma.de\/index.php\/wp-json\/wp\/v2\/types\/page"}],"author":[{"embeddable":true,"href":"https:\/\/www.netzwerk-alma.de\/index.php\/wp-json\/wp\/v2\/users\/1"}],"replies":[{"embeddable":true,"href":"https:\/\/www.netzwerk-alma.de\/index.php\/wp-json\/wp\/v2\/comments?post=99"}],"version-history":[{"count":9,"href":"https:\/\/www.netzwerk-alma.de\/index.php\/wp-json\/wp\/v2\/pages\/99\/revisions"}],"predecessor-version":[{"id":450,"href":"https:\/\/www.netzwerk-alma.de\/index.php\/wp-json\/wp\/v2\/pages\/99\/revisions\/450"}],"wp:attachment":[{"href":"https:\/\/www.netzwerk-alma.de\/index.php\/wp-json\/wp\/v2\/media?parent=99"}],"curies":[{"name":"wp","href":"https:\/\/api.w.org\/{rel}","templated":true}]}}